{"id":169,"date":"2012-05-23T14:18:30","date_gmt":"2012-05-23T14:18:30","guid":{"rendered":"https:\/\/spirit-of-football.de\/?page_id=169"},"modified":"2025-08-31T22:23:39","modified_gmt":"2025-08-31T20:23:39","slug":"schirmherren-2-2-2-2","status":"publish","type":"page","link":"https:\/\/spirit-of-football.de\/en\/schirmherren-2-2-2-2\/","title":{"rendered":"Unsere Schirmherren"},"content":{"rendered":"<p>Die Arbeit des Vereins wird emphatisch und mit viel Leidenschaft von folgenden Schirmherren unterst\u00fctzt.<\/p>\n<p><img loading=\"lazy\" decoding=\"async\" data-attachment-id=\"12030\" data-permalink=\"https:\/\/spirit-of-football.de\/en\/unsere-arbeit\/kopf\/\" data-orig-file=\"https:\/\/spirit-of-football.de\/wp-content\/uploads\/sites\/12\/2019\/09\/kopf.png\" data-orig-size=\"836,980\" data-comments-opened=\"1\" data-image-meta=\"{&quot;aperture&quot;:&quot;0&quot;,&quot;credit&quot;:&quot;&quot;,&quot;camera&quot;:&quot;&quot;,&quot;caption&quot;:&quot;&quot;,&quot;created_timestamp&quot;:&quot;0&quot;,&quot;copyright&quot;:&quot;&quot;,&quot;focal_length&quot;:&quot;0&quot;,&quot;iso&quot;:&quot;0&quot;,&quot;shutter_speed&quot;:&quot;0&quot;,&quot;title&quot;:&quot;&quot;,&quot;orientation&quot;:&quot;0&quot;}\" data-image-title=\"kopf\" data-image-description=\"\" data-image-caption=\"\" data-large-file=\"https:\/\/spirit-of-football.de\/wp-content\/uploads\/sites\/12\/2019\/09\/kopf.png\" class=\"wp-image-12030 alignleft\" style=\"margin-right: 30px;\" src=\"https:\/\/spirit-of-football.de\/wp-content\/uploads\/sites\/12\/2019\/09\/schirmherr-bausewein.jpg\" alt=\"\" width=\"160\" height=\"141\" \/><a href=\"https:\/\/www.facebook.com\/andreas.bausewein.10\" target=\"_blank\" rel=\"noopener noreferrer\">ANDREAS BAUSEWEIN<\/a>, der Oberb\u00fcrgermeister der Stadt Erfurt ist seit 2009 Schirmherr des Vereins und gro\u00dfer Fan der Projekte von Spirit of Football.<br \/>\n\u201eFu\u00dfball versteht es wie kaum eine andere Sportart, die Menschen zu begeistern. Das Projekt Ein Ball, Eine Welt hat diese Begeisterung genutzt, Kinder auch f\u00fcr fremde Kulturen zu interessieren sowie einen weltoffenen, friedlichen und fairen Umgang im Sport wie auch im Alltag zu pflegen.\u201c<\/p>\n<p style=\"clear: left;\"><img loading=\"lazy\" decoding=\"async\" data-attachment-id=\"12028\" data-permalink=\"https:\/\/spirit-of-football.de\/en\/unsere-arbeit\/hand\/\" data-orig-file=\"https:\/\/spirit-of-football.de\/wp-content\/uploads\/sites\/12\/2019\/09\/hand.png\" data-orig-size=\"512,512\" data-comments-opened=\"1\" data-image-meta=\"{&quot;aperture&quot;:&quot;0&quot;,&quot;credit&quot;:&quot;&quot;,&quot;camera&quot;:&quot;&quot;,&quot;caption&quot;:&quot;&quot;,&quot;created_timestamp&quot;:&quot;0&quot;,&quot;copyright&quot;:&quot;&quot;,&quot;focal_length&quot;:&quot;0&quot;,&quot;iso&quot;:&quot;0&quot;,&quot;shutter_speed&quot;:&quot;0&quot;,&quot;title&quot;:&quot;&quot;,&quot;orientation&quot;:&quot;0&quot;}\" data-image-title=\"hand\" data-image-description=\"\" data-image-caption=\"\" data-large-file=\"https:\/\/spirit-of-football.de\/wp-content\/uploads\/sites\/12\/2019\/09\/hand.png\" class=\"alignleft wp-image-12028\" style=\"margin-right: 30px;\" src=\"https:\/\/spirit-of-football.de\/wp-content\/uploads\/sites\/12\/2019\/10\/schirmherr-fritz3.jpg\" alt=\"\" width=\"160\" height=\"151\" \/><a href=\"http:\/\/www.clemensfritz.com\" target=\"_blank\" rel=\"noopener noreferrer\">CLEMENS FRITZ<\/a> ist eine echte Erfurter Puffbohne. Der 22-maliger deutscher Nationalspieler und Vize-Europameister ist seit der Saison 11\/12 Kapit\u00e4n der 1. Mannschaft von SV Werder Bremen und seit 2010 Schirmherr bei Spirit of Football. \u201eEs ist eine tolle Idee, Menschen durch die Liebe zum Fu\u00dfball zusammenzubringen. Ich kenne das aus meiner Bremer Mannschaft \u2013 der Fu\u00dfball verbindet. Dabei ist es v\u00f6llig egal, woher man kommt, welcher Religion man angeh\u00f6rt oder welchen Charakter man hat.\u201c<\/p>\n<p style=\"clear: left;\"><img loading=\"lazy\" decoding=\"async\" data-attachment-id=\"12029\" data-permalink=\"https:\/\/spirit-of-football.de\/en\/unsere-arbeit\/herz\/\" data-orig-file=\"https:\/\/spirit-of-football.de\/wp-content\/uploads\/sites\/12\/2019\/09\/herz.png\" data-orig-size=\"512,512\" data-comments-opened=\"1\" data-image-meta=\"{&quot;aperture&quot;:&quot;0&quot;,&quot;credit&quot;:&quot;&quot;,&quot;camera&quot;:&quot;&quot;,&quot;caption&quot;:&quot;&quot;,&quot;created_timestamp&quot;:&quot;0&quot;,&quot;copyright&quot;:&quot;&quot;,&quot;focal_length&quot;:&quot;0&quot;,&quot;iso&quot;:&quot;0&quot;,&quot;shutter_speed&quot;:&quot;0&quot;,&quot;title&quot;:&quot;&quot;,&quot;orientation&quot;:&quot;0&quot;}\" data-image-title=\"herz\" data-image-description=\"\" data-image-caption=\"\" data-large-file=\"https:\/\/spirit-of-football.de\/wp-content\/uploads\/sites\/12\/2019\/09\/herz.png\" class=\"alignleft wp-image-12029\" style=\"margin-right: 30px; clear: left;\" src=\"https:\/\/spirit-of-football.de\/wp-content\/uploads\/sites\/12\/2019\/09\/schirmherr-schneider.jpg\" alt=\"\" width=\"160\" height=\"148\" \/><a href=\"https:\/\/www.carsten-schneider.de\/\" target=\"_blank\" rel=\"noopener noreferrer\">CARSTEN SCHNEIDER<\/a> ist seit 2017 Schirmherr. Der 1976 in Erfurt geborenen Sportsfreund ist Erster Parlamentarischer Gesch\u00e4ftsf\u00fchrer der SPD-Bundestagsfraktion.<\/p>","protected":false},"excerpt":{"rendered":"<p>Die Arbeit des Vereins wird emphatisch und mit viel Leidenschaft von folgenden Schirmherren unterst\u00fctzt. ANDREAS BAUSEWEIN, der Oberb\u00fcrgermeister der Stadt Erfurt ist seit 2009 Schirmherr des Vereins und gro\u00dfer Fan der Projekte von Spirit of Football. \u201eFu\u00dfball versteht es wie&#8230; <a class=\"read-more\" href=\"https:\/\/spirit-of-football.de\/en\/schirmherren-2-2-2-2\/\">[Read more]<\/a><\/p>\n","protected":false},"author":8,"featured_media":12341,"parent":0,"menu_order":0,"comment_status":"open","ping_status":"open","template":"","meta":{"_acf_changed":false,"footnotes":""},"class_list":["post-169","page","type-page","status-publish","has-post-thumbnail","hentry"],"acf":[],"jetpack_sharing_enabled":true,"_links":{"self":[{"href":"https:\/\/spirit-of-football.de\/en\/wp-json\/wp\/v2\/pages\/169","targetHints":{"allow":["GET"]}}],"collection":[{"href":"https:\/\/spirit-of-football.de\/en\/wp-json\/wp\/v2\/pages"}],"about":[{"href":"https:\/\/spirit-of-football.de\/en\/wp-json\/wp\/v2\/types\/page"}],"author":[{"embeddable":true,"href":"https:\/\/spirit-of-football.de\/en\/wp-json\/wp\/v2\/users\/8"}],"replies":[{"embeddable":true,"href":"https:\/\/spirit-of-football.de\/en\/wp-json\/wp\/v2\/comments?post=169"}],"version-history":[{"count":15,"href":"https:\/\/spirit-of-football.de\/en\/wp-json\/wp\/v2\/pages\/169\/revisions"}],"predecessor-version":[{"id":103976,"href":"https:\/\/spirit-of-football.de\/en\/wp-json\/wp\/v2\/pages\/169\/revisions\/103976"}],"wp:featuredmedia":[{"embeddable":true,"href":"https:\/\/spirit-of-football.de\/en\/wp-json\/wp\/v2\/media\/12341"}],"wp:attachment":[{"href":"https:\/\/spirit-of-football.de\/en\/wp-json\/wp\/v2\/media?parent=169"}],"curies":[{"name":"wp","href":"https:\/\/api.w.org\/{rel}","templated":true}]}}