{"id":10709,"date":"2019-01-25T11:46:43","date_gmt":"2019-01-25T10:46:43","guid":{"rendered":"https:\/\/spirit-of-football.de\/?page_id=10709"},"modified":"2023-10-24T23:01:07","modified_gmt":"2023-10-24T21:01:07","slug":"vereinsmitglied-werden","status":"publish","type":"page","link":"https:\/\/spirit-of-football.de\/en\/vereinsmitglied-werden\/","title":{"rendered":"Vereinsmitglied werden"},"content":{"rendered":"<p>Ihr findet die Idee und die Projekte von Spirit of Football e.V. &#8222;greatartig&#8220; und wollt\u00a0die Arbeit des Vereins unterst\u00fctzen?<\/p>\n<p>Es gibt die M\u00f6glichkeit Mitglied (ordentliches Vereinsmitglied oder F\u00f6rdermitglied) im Verein und so Teil der &#8222;Erfurter Fu\u00dfballgeister&#8220; zu werden.<\/p>\n<p>Dazu m\u00fcsst ihr den <strong><a href=\"https:\/\/spirit-of-football.de\/wp-content\/uploads\/sites\/12\/2023\/10\/SoF_Mitgliedsantrag_2023.pdf\" target=\"_blank\" rel=\"noopener noreferrer\">MITGLIEDSANTRAG<\/a><\/strong> digital ausf\u00fcllen oder herunterladen<\/p>\n<ul>\n<li>ausdrucken<\/li>\n<li>ausf\u00fcllen<\/li>\n<li>unterschreiben und zur\u00fcckschicken:<\/li>\n<\/ul>\n<p><strong>per eMail an:<\/strong><br \/>\ninfo[at]spiritoffootball.de<\/p>\n<p><strong>per Post an:<\/strong><br \/>\nSpirit of Football e.V.<br \/>\nMarktstr. 6<br \/>\n99084 Erfurt<\/p>\n","protected":false},"excerpt":{"rendered":"<p>Ihr findet die Idee und die Projekte von Spirit of Football e.V. &#8222;greatartig&#8220; und wollt\u00a0die Arbeit des Vereins unterst\u00fctzen? Es gibt die M\u00f6glichkeit Mitglied (ordentliches Vereinsmitglied oder F\u00f6rdermitglied) im Verein und so Teil der &#8222;Erfurter Fu\u00dfballgeister&#8220; zu werden. Dazu m\u00fcsst&#8230; <a class=\"read-more\" href=\"https:\/\/spirit-of-football.de\/en\/vereinsmitglied-werden\/\">[Read more]<\/a><\/p>\n","protected":false},"author":8,"featured_media":12370,"parent":0,"menu_order":0,"comment_status":"closed","ping_status":"closed","template":"","meta":{"_acf_changed":false,"footnotes":""},"class_list":["post-10709","page","type-page","status-publish","has-post-thumbnail","hentry"],"acf":[],"jetpack_sharing_enabled":true,"_links":{"self":[{"href":"https:\/\/spirit-of-football.de\/en\/wp-json\/wp\/v2\/pages\/10709","targetHints":{"allow":["GET"]}}],"collection":[{"href":"https:\/\/spirit-of-football.de\/en\/wp-json\/wp\/v2\/pages"}],"about":[{"href":"https:\/\/spirit-of-football.de\/en\/wp-json\/wp\/v2\/types\/page"}],"author":[{"embeddable":true,"href":"https:\/\/spirit-of-football.de\/en\/wp-json\/wp\/v2\/users\/8"}],"replies":[{"embeddable":true,"href":"https:\/\/spirit-of-football.de\/en\/wp-json\/wp\/v2\/comments?post=10709"}],"version-history":[{"count":12,"href":"https:\/\/spirit-of-football.de\/en\/wp-json\/wp\/v2\/pages\/10709\/revisions"}],"predecessor-version":[{"id":84505,"href":"https:\/\/spirit-of-football.de\/en\/wp-json\/wp\/v2\/pages\/10709\/revisions\/84505"}],"wp:featuredmedia":[{"embeddable":true,"href":"https:\/\/spirit-of-football.de\/en\/wp-json\/wp\/v2\/media\/12370"}],"wp:attachment":[{"href":"https:\/\/spirit-of-football.de\/en\/wp-json\/wp\/v2\/media?parent=10709"}],"curies":[{"name":"wp","href":"https:\/\/api.w.org\/{rel}","templated":true}]}}