{"id":10685,"date":"2019-01-24T15:25:55","date_gmt":"2019-01-24T14:25:55","guid":{"rendered":"https:\/\/spirit-of-football.de\/?page_id=10685"},"modified":"2025-11-19T20:17:47","modified_gmt":"2025-11-19T19:17:47","slug":"unser-fairplay-botschafter","status":"publish","type":"page","link":"https:\/\/spirit-of-football.de\/en\/unser-fairplay-botschafter\/","title":{"rendered":"Unser FairPlay-Botschafter"},"content":{"rendered":"<h2>Frank Feldmann<\/h2>\n<p>Frank Feldmann von Team Feldmann GmbH + Co. KG brachte uns 2014 mit dem Sponsoring-Vereinen von Opel in Kontakt. W\u00e4hrend der Ballreise 2014 war &#8218;The Ball&#8216; in Leverkusen, Freiburg und Dortmund zu Gast. In der schwarz-gelben Ruhrmetropole gab es den ersten Kontakt mit dem charismatischen Fu\u00dfballlehrer J\u00fcrgen Klopp. Er war angetan und begeistert von unseren Projekten und entschloss sich f\u00fcr unseren Verein die Position des FairPlay-Botschafters zu \u00fcbernehmen. Den ersten J\u00fcrgen-Klopp-FairPlay-Ball gibt es seit September 2015 und Kloppo hat selbstverst\u00e4ndlich als Erster darauf unterschrieben. Seit Mai 2019 gibt es einen zweiten FairPlay-Ball, der von J\u00fcrgen Klopp in alter Tradition ins Leben gerufen wurde und seit dem durch die Klassenzimmer und Sportpl\u00e4tze rollt.<\/p>\n<h2>J\u00fcrgen Klopp &#8211; Sei Mitglied unserer Mannschaft (2015)<\/h2>\n<p><span class=\"embed-youtube\" style=\"text-align:center; display: block;\"><iframe loading=\"lazy\" class=\"youtube-player\" width=\"1040\" height=\"585\" src=\"https:\/\/www.youtube.com\/embed\/nwTlAgIKPk8?version=3&#038;rel=1&#038;showsearch=0&#038;showinfo=1&#038;iv_load_policy=1&#038;fs=1&#038;hl=en-GB&#038;autohide=2&#038;wmode=transparent\" allowfullscreen=\"true\" style=\"border:0;\" sandbox=\"allow-scripts allow-same-origin allow-popups allow-presentation allow-popups-to-escape-sandbox\"><\/iframe><\/span><\/p>\n<h2>J\u00fcrgen Klopp \u00fcber den Geist des Fu\u00dfballs (2018)<\/h2>\n<blockquote class=\"twitter-tweet\" data-theme=\"dark\">\n<p lang=\"en\" dir=\"ltr\"><a href=\"https:\/\/twitter.com\/hashtag\/LFC?src=hash&amp;ref_src=twsrc%5Etfw\">#LFC<\/a> J\u00fcrgen Klopp talks about what the sport of football means to him.<br \/>?: <a href=\"https:\/\/twitter.com\/the_ball?ref_src=twsrc%5Etfw\">@the_ball<\/a> <a href=\"https:\/\/t.co\/FhcuuxIO2H\">pic.twitter.com\/FhcuuxIO2H<\/a><\/p>\n<p>&mdash; The18 (@the18com) <a href=\"https:\/\/twitter.com\/the18com\/status\/979063292646670336?ref_src=twsrc%5Etfw\">March 28, 2018<\/a><\/p><\/blockquote>\n<p> <script async src=\"https:\/\/platform.twitter.com\/widgets.js\" charset=\"utf-8\"><\/script><\/p>\n<h2>J\u00fcrgen Klopp und der FairPlay-Ball (2019)<\/h2>\n<p><span class=\"embed-youtube\" style=\"text-align:center; display: block;\"><iframe loading=\"lazy\" class=\"youtube-player\" width=\"1040\" height=\"585\" src=\"https:\/\/www.youtube.com\/embed\/gFw6BvxRSHU?version=3&#038;rel=1&#038;showsearch=0&#038;showinfo=1&#038;iv_load_policy=1&#038;fs=1&#038;hl=en-GB&#038;autohide=2&#038;wmode=transparent\" allowfullscreen=\"true\" style=\"border:0;\" sandbox=\"allow-scripts allow-same-origin allow-popups allow-presentation allow-popups-to-escape-sandbox\"><\/iframe><\/span><\/p>","protected":false},"excerpt":{"rendered":"<p>Frank Feldmann Frank Feldmann von Team Feldmann GmbH + Co. KG brachte uns 2014 mit dem Sponsoring-Vereinen von Opel in Kontakt. W\u00e4hrend der Ballreise 2014 war &#8218;The Ball&#8216; in Leverkusen, Freiburg und Dortmund zu Gast. In der schwarz-gelben Ruhrmetropole gab&#8230; <a class=\"read-more\" href=\"https:\/\/spirit-of-football.de\/en\/unser-fairplay-botschafter\/\">[Read more]<\/a><\/p>\n","protected":false},"author":8,"featured_media":12228,"parent":0,"menu_order":0,"comment_status":"closed","ping_status":"closed","template":"","meta":{"_acf_changed":false,"footnotes":""},"class_list":["post-10685","page","type-page","status-publish","has-post-thumbnail","hentry"],"acf":[],"jetpack_sharing_enabled":true,"_links":{"self":[{"href":"https:\/\/spirit-of-football.de\/en\/wp-json\/wp\/v2\/pages\/10685","targetHints":{"allow":["GET"]}}],"collection":[{"href":"https:\/\/spirit-of-football.de\/en\/wp-json\/wp\/v2\/pages"}],"about":[{"href":"https:\/\/spirit-of-football.de\/en\/wp-json\/wp\/v2\/types\/page"}],"author":[{"embeddable":true,"href":"https:\/\/spirit-of-football.de\/en\/wp-json\/wp\/v2\/users\/8"}],"replies":[{"embeddable":true,"href":"https:\/\/spirit-of-football.de\/en\/wp-json\/wp\/v2\/comments?post=10685"}],"version-history":[{"count":10,"href":"https:\/\/spirit-of-football.de\/en\/wp-json\/wp\/v2\/pages\/10685\/revisions"}],"predecessor-version":[{"id":103969,"href":"https:\/\/spirit-of-football.de\/en\/wp-json\/wp\/v2\/pages\/10685\/revisions\/103969"}],"wp:featuredmedia":[{"embeddable":true,"href":"https:\/\/spirit-of-football.de\/en\/wp-json\/wp\/v2\/media\/12228"}],"wp:attachment":[{"href":"https:\/\/spirit-of-football.de\/en\/wp-json\/wp\/v2\/media?parent=10685"}],"curies":[{"name":"wp","href":"https:\/\/api.w.org\/{rel}","templated":true}]}}