{"id":10665,"date":"2019-01-24T14:52:17","date_gmt":"2019-01-24T13:52:17","guid":{"rendered":"https:\/\/spirit-of-football.de\/?page_id=10665"},"modified":"2025-08-31T17:12:14","modified_gmt":"2025-08-31T15:12:14","slug":"spirit-of-presse-2-2","status":"publish","type":"page","link":"https:\/\/spirit-of-football.de\/en\/spirit-of-presse-2-2\/","title":{"rendered":"Spirit of Presse"},"content":{"rendered":"<p>Die Mixed Zone von Spirit of Football e.V. Hier treffen sich Logo, Pressemitteilung und Bildmaterial zum download f\u00fcr Medienvertreter.<\/p>\n<h2>LOGO<\/h2>\n<p><img loading=\"lazy\" decoding=\"async\" class=\"alignnone\" src=\"https:\/\/spirit-of-football.de\/wp-content\/uploads\/sites\/12\/cache\/2014\/03\/sof_cic_logo_final\/3681661861.png\" alt=\"\" width=\"80\" height=\"80\" \/><\/p>\n<p>Logo als PNG zum <strong><a href=\"https:\/\/spirit-of-football.de\/wp-content\/uploads\/sites\/12\/2014\/03\/sof_cic_logo_final.png\" target=\"_blank\" rel=\"noopener noreferrer\">download<\/a><\/strong><\/p>\n<h2>BILDMATERIAL<\/h2>\n<p style=\"text-align: left;\"><em>Alle Fotos d\u00fcrfen mit Benennung der jeweiligen Fotografen in Print- und Onlinepublikationen ver\u00f6ffentlicht werden. Die Fotos d\u00fcrfen ausschliesslich f\u00fcr redaktionelle Zwecke und nicht kommerzieller Verarbeitung verwendet werden. Sollten die Fotos an Dritte ver\u00e4u\u00dfert werden so geschiet dies nur unter Einwilligung der Fotografen. <\/em><span style=\"font-family: inherit; font-size: inherit; font-style: inherit; font-variant-ligatures: inherit; font-variant-caps: inherit; font-weight: inherit;\">\u200b<\/span><\/p>\n<table border=\"0\" cellspacing=\"0\" cellpadding=\"0\">\n<tbody>\n<tr>\n<td valign=\"top\" width=\"205\"><a href=\"https:\/\/sofger-my.sharepoint.com\/:i:\/g\/personal\/sven_sofger_onmicrosoft_com\/EfpUxRlRFthOu52AOUzltxsB_DZe9vff38Dq7XZM1GQXzw?e=LduV2w\"><img loading=\"lazy\" decoding=\"async\" data-attachment-id=\"103966\" data-permalink=\"https:\/\/spirit-of-football.de\/en\/spirit-of-presse-2-2\/spirit-of-integration-web\/\" data-orig-file=\"https:\/\/spirit-of-football.de\/wp-content\/uploads\/sites\/12\/2025\/08\/spirit-of-integration-web.jpg\" data-orig-size=\"2128,1416\" data-comments-opened=\"1\" data-image-meta=\"{&quot;aperture&quot;:&quot;0&quot;,&quot;credit&quot;:&quot;&quot;,&quot;camera&quot;:&quot;&quot;,&quot;caption&quot;:&quot;&quot;,&quot;created_timestamp&quot;:&quot;0&quot;,&quot;copyright&quot;:&quot;&quot;,&quot;focal_length&quot;:&quot;0&quot;,&quot;iso&quot;:&quot;0&quot;,&quot;shutter_speed&quot;:&quot;0&quot;,&quot;title&quot;:&quot;&quot;,&quot;orientation&quot;:&quot;0&quot;}\" data-image-title=\"Spirit of Integration\" data-image-description=\"\" data-image-caption=\"\" data-large-file=\"https:\/\/spirit-of-football.de\/wp-content\/uploads\/sites\/12\/2025\/08\/spirit-of-integration-web-1024x681.jpg\" class=\"alignnone wp-image-103966 size-medium\" src=\"https:\/\/spirit-of-football.de\/wp-content\/uploads\/sites\/12\/2025\/08\/spirit-of-integration-web-300x200.jpg\" alt=\"Alle H\u00e4nde auf &quot;The Ball&quot;\" width=\"300\" height=\"200\" srcset=\"https:\/\/spirit-of-football.de\/wp-content\/uploads\/sites\/12\/2025\/08\/spirit-of-integration-web-300x200.jpg 300w, https:\/\/spirit-of-football.de\/wp-content\/uploads\/sites\/12\/2025\/08\/spirit-of-integration-web-18x12.jpg 18w, https:\/\/spirit-of-football.de\/wp-content\/uploads\/sites\/12\/2025\/08\/spirit-of-integration-web-1082x720.jpg 1082w, https:\/\/spirit-of-football.de\/wp-content\/uploads\/sites\/12\/2025\/08\/spirit-of-integration-web-481x320.jpg 481w, https:\/\/spirit-of-football.de\/wp-content\/uploads\/sites\/12\/2025\/08\/spirit-of-integration-web-640x426.jpg 640w, https:\/\/spirit-of-football.de\/wp-content\/uploads\/sites\/12\/2025\/08\/spirit-of-integration-web-618x411.jpg 618w, https:\/\/spirit-of-football.de\/wp-content\/uploads\/sites\/12\/2025\/08\/spirit-of-integration-web-240x160.jpg 240w, https:\/\/spirit-of-football.de\/wp-content\/uploads\/sites\/12\/2025\/08\/spirit-of-integration-web-980x652.jpg 980w, https:\/\/spirit-of-football.de\/wp-content\/uploads\/sites\/12\/2025\/08\/spirit-of-integration-web-768x511.jpg 768w, https:\/\/spirit-of-football.de\/wp-content\/uploads\/sites\/12\/2025\/08\/spirit-of-integration-web-1024x681.jpg 1024w, https:\/\/spirit-of-football.de\/wp-content\/uploads\/sites\/12\/2025\/08\/spirit-of-integration-web-1536x1022.jpg 1536w, https:\/\/spirit-of-football.de\/wp-content\/uploads\/sites\/12\/2025\/08\/spirit-of-integration-web-2048x1363.jpg 2048w, https:\/\/spirit-of-football.de\/wp-content\/uploads\/sites\/12\/2025\/08\/spirit-of-integration-web-451x300.jpg 451w\" sizes=\"auto, (max-width: 300px) 100vw, 300px\" \/><\/a><\/td>\n<td valign=\"top\" width=\"205\"><a href=\"https:\/\/sofger-my.sharepoint.com\/:i:\/g\/personal\/sven_sofger_onmicrosoft_com\/EVKZ5jAdHUdOseNs-rvopy4B2hyGGjHPXGN6lTJri1ndxQ?e=UtF0nG\" target=\"_blank\" rel=\"noopener noreferrer\"><img loading=\"lazy\" decoding=\"async\" data-attachment-id=\"9278\" data-permalink=\"https:\/\/spirit-of-football.de\/en\/mediathek\/attachment\/3\/\" data-orig-file=\"https:\/\/spirit-of-football.de\/wp-content\/uploads\/sites\/12\/2018\/08\/3.jpg\" data-orig-size=\"320,240\" data-comments-opened=\"1\" data-image-meta=\"{&quot;aperture&quot;:&quot;3.4&quot;,&quot;credit&quot;:&quot;&quot;,&quot;camera&quot;:&quot;HDR-XR500V&quot;,&quot;caption&quot;:&quot;&quot;,&quot;created_timestamp&quot;:&quot;1268936298&quot;,&quot;copyright&quot;:&quot;&quot;,&quot;focal_length&quot;:&quot;5.5&quot;,&quot;iso&quot;:&quot;0&quot;,&quot;shutter_speed&quot;:&quot;0.004&quot;,&quot;title&quot;:&quot;&quot;,&quot;orientation&quot;:&quot;1&quot;}\" data-image-title=\"3\" data-image-description=\"\" data-image-caption=\"\" data-large-file=\"https:\/\/spirit-of-football.de\/wp-content\/uploads\/sites\/12\/2018\/08\/3.jpg\" class=\"alignnone wp-image-9278 size-medium\" src=\"https:\/\/spirit-of-football.de\/wp-content\/uploads\/sites\/12\/2018\/08\/3-300x225.jpg\" alt=\"\" width=\"300\" height=\"225\" srcset=\"https:\/\/spirit-of-football.de\/wp-content\/uploads\/sites\/12\/2018\/08\/3-300x225.jpg 300w, https:\/\/spirit-of-football.de\/wp-content\/uploads\/sites\/12\/2018\/08\/3-16x12.jpg 16w, https:\/\/spirit-of-football.de\/wp-content\/uploads\/sites\/12\/2018\/08\/3-240x180.jpg 240w, https:\/\/spirit-of-football.de\/wp-content\/uploads\/sites\/12\/2018\/08\/3.jpg 320w\" sizes=\"auto, (max-width: 300px) 100vw, 300px\" \/><\/a><\/td>\n<td valign=\"top\" width=\"205\"><a href=\"https:\/\/sofger-my.sharepoint.com\/:i:\/g\/personal\/sven_sofger_onmicrosoft_com\/ESlBxxTglpZJnoBcnDbev50BGzMfuvaw7g8PCBiAS1oh0g?e=JxvPzM\" target=\"_blank\" rel=\"noopener noreferrer\"><img loading=\"lazy\" decoding=\"async\" data-attachment-id=\"9277\" data-permalink=\"https:\/\/spirit-of-football.de\/en\/mediathek\/2-2\/\" data-orig-file=\"https:\/\/spirit-of-football.de\/wp-content\/uploads\/sites\/12\/2018\/08\/2.jpg\" data-orig-size=\"320,240\" data-comments-opened=\"1\" data-image-meta=\"{&quot;aperture&quot;:&quot;2.4&quot;,&quot;credit&quot;:&quot;&quot;,&quot;camera&quot;:&quot;SM-G965F&quot;,&quot;caption&quot;:&quot;&quot;,&quot;created_timestamp&quot;:&quot;1530442116&quot;,&quot;copyright&quot;:&quot;&quot;,&quot;focal_length&quot;:&quot;4.3&quot;,&quot;iso&quot;:&quot;50&quot;,&quot;shutter_speed&quot;:&quot;0.0011990407673861&quot;,&quot;title&quot;:&quot;&quot;,&quot;orientation&quot;:&quot;1&quot;}\" data-image-title=\"2\" data-image-description=\"\" data-image-caption=\"\" data-large-file=\"https:\/\/spirit-of-football.de\/wp-content\/uploads\/sites\/12\/2018\/08\/2.jpg\" class=\"alignnone wp-image-9277 size-medium\" src=\"https:\/\/spirit-of-football.de\/wp-content\/uploads\/sites\/12\/2018\/08\/2-300x225.jpg\" alt=\"\" width=\"300\" height=\"225\" srcset=\"https:\/\/spirit-of-football.de\/wp-content\/uploads\/sites\/12\/2018\/08\/2-300x225.jpg 300w, https:\/\/spirit-of-football.de\/wp-content\/uploads\/sites\/12\/2018\/08\/2-16x12.jpg 16w, https:\/\/spirit-of-football.de\/wp-content\/uploads\/sites\/12\/2018\/08\/2-240x180.jpg 240w, https:\/\/spirit-of-football.de\/wp-content\/uploads\/sites\/12\/2018\/08\/2.jpg 320w\" sizes=\"auto, (max-width: 300px) 100vw, 300px\" \/><\/a><\/td>\n<\/tr>\n<tr class=\"logo-text\">\n<td valign=\"top\" width=\"205\">Motiv: Spirit of Integration. Foto: Hamish J. Appleby<\/td>\n<td valign=\"top\" width=\"205\">Motiv: Spirit of Inclusion. Foto: Christian Wach<\/td>\n<td valign=\"top\" width=\"205\">Motiv: The Ball 2018 in Moskau. Foto: Benni Gr\u00fcnewald<\/td>\n<\/tr>\n<\/tbody>\n<\/table>\n<h1>PRESSEMITTEILUNGEN und Artikel<\/h1>\n<h2>2024<\/h2>\n<p>Artikel im Ungleich Magazin: <a href=\"https:\/\/ungleich-magazin.de\/2024\/07\/28\/spirit-of-football-fur-mehr-fair-play-in-erfurt-thuringen-und-der-welt\/\">https:\/\/ungleich-magazin.de\/2024\/07\/28\/spirit-of-football-fur-mehr-fair-play-in-erfurt-thuringen-und-der-welt\/<\/a><\/p>\n<p>Ank\u00fcnding EM Public Viewing am Erfurter Wiesenh\u00fcgel, Juni 2024: <a href=\"https:\/\/www.thueringer-allgemeine.de\/lokales\/erfurt\/article406630092\/besonderes-public-viewing-von-deutschland-gegen-schweiz-am-erfurter-wiesenhuegel.html\">https:\/\/www.thueringer-allgemeine.de\/lokales\/erfurt\/article406630092\/besonderes-public-viewing-von-deutschland-gegen-schweiz-am-erfurter-wiesenhuegel.html<\/a><\/p>\n<p><img loading=\"lazy\" decoding=\"async\" data-attachment-id=\"91652\" data-permalink=\"https:\/\/spirit-of-football.de\/en\/spirit-of-presse-2-2\/screenshot-2024-04-15-180507\/\" data-orig-file=\"https:\/\/spirit-of-football.de\/wp-content\/uploads\/sites\/12\/2024\/04\/Screenshot-2024-04-15-180507.png\" data-orig-size=\"925,454\" data-comments-opened=\"1\" data-image-meta=\"{&quot;aperture&quot;:&quot;0&quot;,&quot;credit&quot;:&quot;&quot;,&quot;camera&quot;:&quot;&quot;,&quot;caption&quot;:&quot;&quot;,&quot;created_timestamp&quot;:&quot;0&quot;,&quot;copyright&quot;:&quot;&quot;,&quot;focal_length&quot;:&quot;0&quot;,&quot;iso&quot;:&quot;0&quot;,&quot;shutter_speed&quot;:&quot;0&quot;,&quot;title&quot;:&quot;&quot;,&quot;orientation&quot;:&quot;0&quot;}\" data-image-title=\"Screenshot 2024-04-15 180507\" data-image-description=\"\" data-image-caption=\"\" data-large-file=\"https:\/\/spirit-of-football.de\/wp-content\/uploads\/sites\/12\/2024\/04\/Screenshot-2024-04-15-180507.png\" class=\"alignnone size-medium wp-image-91652\" src=\"https:\/\/spirit-of-football.de\/wp-content\/uploads\/sites\/12\/2024\/04\/Screenshot-2024-04-15-180507-300x147.png\" alt=\"\" width=\"300\" height=\"147\" srcset=\"https:\/\/spirit-of-football.de\/wp-content\/uploads\/sites\/12\/2024\/04\/Screenshot-2024-04-15-180507-300x147.png 300w, https:\/\/spirit-of-football.de\/wp-content\/uploads\/sites\/12\/2024\/04\/Screenshot-2024-04-15-180507-18x9.png 18w, https:\/\/spirit-of-football.de\/wp-content\/uploads\/sites\/12\/2024\/04\/Screenshot-2024-04-15-180507-553x271.png 553w, https:\/\/spirit-of-football.de\/wp-content\/uploads\/sites\/12\/2024\/04\/Screenshot-2024-04-15-180507-640x314.png 640w, https:\/\/spirit-of-football.de\/wp-content\/uploads\/sites\/12\/2024\/04\/Screenshot-2024-04-15-180507-618x303.png 618w, https:\/\/spirit-of-football.de\/wp-content\/uploads\/sites\/12\/2024\/04\/Screenshot-2024-04-15-180507-240x118.png 240w, https:\/\/spirit-of-football.de\/wp-content\/uploads\/sites\/12\/2024\/04\/Screenshot-2024-04-15-180507-768x377.png 768w, https:\/\/spirit-of-football.de\/wp-content\/uploads\/sites\/12\/2024\/04\/Screenshot-2024-04-15-180507-500x245.png 500w, https:\/\/spirit-of-football.de\/wp-content\/uploads\/sites\/12\/2024\/04\/Screenshot-2024-04-15-180507.png 925w\" sizes=\"auto, (max-width: 300px) 100vw, 300px\" \/><\/p>\n<p><a href=\"https:\/\/sport.sky.de\/fussball\/artikel\/werder-bremen-fritz-ueber-workshop-projekt-von-spirit-of-football\/13111343\/34851\">Unser Schirmmher Clemens Fritz bei Sky \u00fcber den Wert des Spirit of Football in unserer Gesellschaft<\/a><\/p>\n<h2>2023<\/h2>\n<p><a href=\"https:\/\/theball.tv\/2022\/blog\/press-resources\/types\/press-release\/\">Press releases The Ball 2023<\/a><\/p>\n<p><a href=\"https:\/\/spirit-of-football.de\/wp-content\/uploads\/sites\/12\/2023\/03\/SoF-press-release-Vietnam.pdf\">The Ball arrives in Vietnam<\/a><br \/>\n(6. M\u00e4rz 2023)<\/p>\n<h2>2022<\/h2>\n<p><a href=\"https:\/\/spirit-of-football.de\/wp-content\/uploads\/sites\/12\/2022\/09\/PM_2022-07-07-Verabschiedung-The-Ball-2223.pdf\" target=\"_blank\" rel=\"noopener\">Verabschiedung The Ball 2023<\/a><br \/>\n(7. Juli 2022)<\/p>\n<p><a href=\"https:\/\/spirit-of-football.de\/wp-content\/uploads\/sites\/12\/2022\/09\/PM_2022-07-04-Einladung-kick-off-Ballreise-2022.pdf\" target=\"_blank\" rel=\"noopener\">Einladung kick off Ballreise 2022<\/a><br \/>\n(4. Juli 2022)<\/p>\n<p><a href=\"https:\/\/spirit-of-football.de\/wp-content\/uploads\/sites\/12\/2022\/09\/PM_2022-05-20-UF-Start-Pokalfinale.pdf\" target=\"_blank\" rel=\"noopener\">Unified Football Projekt beim Th\u00fcringer Pokalfinale<\/a><br \/>\n(20. Mai 2022)<\/p>\n<p><a href=\"https:\/\/spirit-of-football.de\/wp-content\/uploads\/sites\/12\/2022\/09\/PM_2022-04-25-Netflix-Spirit-of-the-ball.pdf\" target=\"_blank\" rel=\"noopener\">Netflix zeigt &#8222;Spirit of the ball&#8220;<\/a><br \/>\n(25. April 2022)<\/p>\n<h2>2021<\/h2>\n<p><a href=\"https:\/\/spirit-of-football.de\/wp-content\/uploads\/sites\/12\/2021\/08\/PM_2021-07-23-Lesbos-lnob.pdf\" target=\"_blank\" rel=\"noopener noreferrer\">Spirit of Football startet Projekt auf Lesbos<\/a><br \/>\n(23. Juli 2021)<\/p>\n<p><a href=\"https:\/\/spirit-of-football.de\/wp-content\/uploads\/sites\/12\/2021\/08\/PM_2021-07-21-Unified-Football-Pilotprojekt-startet.pdf\" target=\"_blank\" rel=\"noopener noreferrer\">Unified Football Pilotprojekt startet<\/a><br \/>\n(21. Juli 2021)<\/p>\n<h2>2020<\/h2>\n<p><a href=\"https:\/\/spirit-of-football.de\/wp-content\/uploads\/sites\/12\/2021\/05\/PM_2020-09-03_Julius-Hirsch-Preis.pdf\" target=\"_blank\" rel=\"noopener noreferrer\">Auszeichnung DFB Julius Hirsch Preis 2020<\/a><br \/>\n(3. September 2020)<\/p>\n<p><a href=\"https:\/\/spirit-of-football.de\/wp-content\/uploads\/sites\/12\/2021\/05\/PM_2020-12-16-Fritz-Keller-Spende.pdf\" target=\"_blank\" rel=\"noopener noreferrer\">Spende von DFB Pr\u00e4sident Fritz Keller<\/a><br \/>\n(16. Dezember 2020)<\/p>\n<h2>2019<\/h2>\n<p><a href=\"https:\/\/spirit-of-football.de\/wp-content\/uploads\/sites\/12\/2019\/06\/PM_2019-06-17-BVB-Family-Cup-2019.pdf\" target=\"_blank\" rel=\"noopener noreferrer\">BVB Family Cup 2019 &#8211; Familienturnier in Erfurt<\/a><br \/>\n(17. Juni 2019)<\/p>\n<p><a href=\"https:\/\/spirit-of-football.de\/wp-content\/uploads\/sites\/12\/2019\/06\/PM_2019-05-31-J\u00fcrgen-Klopp-FairPlay-Ball.pdf\" target=\"_blank\" rel=\"noopener noreferrer\">J\u00fcrgen Klopp bringt FairPlay-Ball 2019 ins Rollen<\/a><br \/>\n(31. Mai 2019)<\/p>\n<p><a href=\"https:\/\/spirit-of-football.de\/wp-content\/uploads\/sites\/12\/2019\/06\/PM_2019-04-16-KoWo-Start-2019.pdf\" target=\"_blank\" rel=\"noopener noreferrer\">Ansto\u00df zum KoWo-Quartiersfu\u00dfball 2019<\/a><br \/>\n(16. April 2019)<\/p>\n<h2>2018<\/h2>\n<p><a href=\"https:\/\/spirit-of-football.de\/wp-content\/uploads\/sites\/12\/2018\/12\/PM_2018-12-11-Einladung-Kulturabend-Pl\u00e4tzchen-backen.pdf\" target=\"_blank\" rel=\"noopener noreferrer\">Pl\u00e4tzchen backen mit Spirit of Football <\/a><br \/>\n(11. Dezember 2018)<\/p>\n<p><a href=\"https:\/\/spirit-of-football.de\/wp-content\/uploads\/sites\/12\/2018\/10\/PM_2018-09-24-EU-B\u00fcrgerpreis-f\u00fcr-Spirit-of-Football.pdf\" target=\"_blank\" rel=\"noopener noreferrer\">Ballreise 2018 &#8211; Revue im Cafe Nerly<\/a><br \/>\n(12. November 2018)<\/p>\n<p><a href=\"https:\/\/spirit-of-football.de\/wp-content\/uploads\/sites\/12\/2018\/10\/PM_2018-09-24-EU-B\u00fcrgerpreis-f\u00fcr-Spirit-of-Football.pdf\" target=\"_blank\" rel=\"noopener noreferrer\">EU B\u00fcrgerpreis f\u00fcr Spirit of Football<\/a><br \/>\n(24. September 2018)<\/p>\n<p><a href=\"https:\/\/spirit-of-football.de\/wp-content\/uploads\/sites\/12\/2018\/07\/PM_2018-07-05-Weltoffenheit-und-Solidarit\u00e4t-tourt-durch-den-Osten-und-macht-in-Erfurt-Station.pdf\" target=\"_blank\" rel=\"noopener noreferrer\">Weltoffenheit und Solidarit\u00e4t tourt durch den Osten und macht in Erfurt Station<\/a><br \/>\n(5. Juli 2018)<\/p>\n<p><a href=\"https:\/\/spirit-of-football.de\/wp-content\/uploads\/sites\/12\/2018\/04\/PM_2018-04-06-The-Ball-in-Erfurt.pdf\" target=\"_blank\" rel=\"noopener noreferrer\">The Ball &#8222;Zu Hause in Erfurt&#8220;<\/a><br \/>\n(6. April 2018)<\/p>\n<p><a href=\"https:\/\/spirit-of-football.de\/wp-content\/uploads\/sites\/12\/2018\/04\/PM_2018-03-29-J\u00fcrgen-Klopp-unterschreibt-The-Ball.pdf\" target=\"_blank\" rel=\"noopener noreferrer\">J\u00fcrgen Klopp unterschreibt auf The Ball<\/a><br \/>\n(29. M\u00e4rz 2018)<\/p>\n<p><a href=\"https:\/\/spirit-of-football.de\/wp-content\/uploads\/sites\/12\/2018\/03\/PM_2018-03-16-Fare-Well-im-Haus-Dacher\u00f6den.pdf\" target=\"_blank\" rel=\"noopener noreferrer\">Auftakt der viermonativen Ballreise zur Fu\u00dfball-WM im Kultur: Haus Dacher\u00f6den<\/a><br \/>\n(16. M\u00e4rz 2018)<\/p>\n<h2>2017<\/h2>\n<p><a href=\"https:\/\/spirit-of-football.de\/wp-content\/uploads\/sites\/12\/2014\/03\/PM_2017-12-07-BuPr\u00e4-Steinmeier-Erste-Unterschrift-auf-The-Ball-2018.pdf\" target=\"_blank\" rel=\"noopener noreferrer\">Bundespr\u00e4sident Steinmeier gibt erste Unterschrift auf The Ball 2018<\/a><br \/>\n(7. Dezember 2017)<\/p>\n<p><a href=\"https:\/\/spirit-of-football.de\/wp-content\/uploads\/sites\/12\/2014\/03\/PM_2017-06-28-SWFK-gegen-Hertha-BSC.pdf\" target=\"_blank\" rel=\"noopener noreferrer\">Ping-Pong-Party im Kiwi-Flair<\/a><br \/>\n(27. November 2017)<\/p>\n<p><a href=\"https:\/\/spirit-of-football.de\/wp-content\/uploads\/sites\/12\/2014\/03\/PM_2017-06-28-SWFK-gegen-Hertha-BSC.pdf\" target=\"_blank\" rel=\"noopener noreferrer\">Steigerwald Fan Kids zum Freundschaftsspiel gegen Hertha BSC Berlin<\/a><br \/>\n(28. Juni 2017)<\/p>\n<p><a href=\"https:\/\/spirit-of-football.de\/wp-content\/uploads\/sites\/12\/2014\/03\/PM_2017-06-06-\u00dcbergabe-Mercedes-Vito.pdf\" target=\"_blank\" rel=\"noopener noreferrer\">\u00dcbergabe Mercedes Benz Vito<\/a><br \/>\n(6. Juni 2017)<\/p>\n<p><a href=\"https:\/\/spirit-of-football.de\/wp-content\/uploads\/sites\/12\/2014\/03\/PM_2017-05-23-SWFK-Wanderung-zum-Pokalfinale.pdf\" target=\"_blank\" rel=\"noopener noreferrer\">Erster Kindermarsch der Steigerwald Fan Kids zum TFV-Pokalfinale<\/a><br \/>\n(23. Mai 2017)<\/p>\n<p><a href=\"https:\/\/spirit-of-football.de\/wp-content\/uploads\/sites\/12\/2014\/03\/PM_2017-05-18-Lange-Nacht-der-Museen.pdf\" target=\"_blank\" rel=\"noopener noreferrer\">Lange Nacht der Museen &#8222;Bekentnisse&#8220;<\/a><br \/>\n(18. Mai 2017)<\/p>\n<p><a href=\"https:\/\/spirit-of-football.de\/wp-content\/uploads\/sites\/12\/2014\/03\/PM_2017-05-10-Sportwochenede-mit-Spirit-of-Football.pdf\" target=\"_blank\" rel=\"noopener noreferrer\">Sportliches Wochenende mit Spirit of Football e.V<\/a>.<br \/>\n(5. Mai 2017)<\/p>\n<p><a href=\"https:\/\/spirit-of-football.de\/wp-content\/uploads\/sites\/12\/2014\/03\/PM_2017-03-16-DFB-Integrationspreis-letzten-drei.pdf\" target=\"_blank\" rel=\"noopener noreferrer\">Spirit of Football unter den letzten drei Nominierten in der Kategorie \u201eFreie Tr\u00e4ger\u201c<\/a><br \/>\n(3. M\u00e4rz 2017)<\/p>\n<h2>2016<\/h2>\n<p><a href=\"https:\/\/spirit-of-football.de\/wp-content\/uploads\/sites\/12\/2014\/03\/PM_DFB-Integrationspreis-2016.pdf\" target=\"_blank\" rel=\"noopener noreferrer\">DFB nominiert Spirit of Football e.V. f\u00fcr Integrationspreis<\/a><br \/>\n(31. Dezember 2016)<\/p>\n<p><a href=\"https:\/\/spirit-of-football.de\/wp-content\/uploads\/sites\/12\/2016\/06\/PM_2016-06-15-Finale-Projektreihe-Ein-Ball-Eine-Welt.pdf\" target=\"_blank\" rel=\"noopener noreferrer\">Abschlussfest der Projektreihe &#8222;Ein Ball, Eine Welt&#8220; im Schuljahr 2015\/2016<\/a><br \/>\n(20. Juni 2016)<\/p>\n<p><a href=\"https:\/\/spirit-of-football.de\/wp-content\/uploads\/sites\/12\/2016\/03\/PM_2016-03-18-Modelprojekt-FairPlay.pdf\" target=\"_blank\" rel=\"noopener noreferrer\">&#8222;Fairplay?!&#8220; Modellprojekt zur Integration Gefl\u00fcchteter<br \/>\nam Erinnerungsort Topf &amp; S\u00f6hne<br \/>\n<\/a><em>(18. M\u00e4rz 2016)<\/em><\/p>\n<p><a href=\"https:\/\/spirit-of-football.de\/wp-content\/uploads\/sites\/12\/2016\/03\/PM_SoF_90-Minuten-f\u00fcr-ein-positiv-gelebtes-Ankommen-in-Erfurt.pdf\" target=\"_blank\" rel=\"noopener noreferrer\">90 Minuten f\u00fcr ein positiv gelebtes Ankommen<br \/>\n<\/a><em>(26. Februar 2016)<\/em><\/p>\n<h2>2015<\/h2>\n<p><a href=\"https:\/\/spirit-of-football.de\/wp-content\/uploads\/sites\/12\/2015\/12\/PM_2015-12-02-10-Jahre-Spirit-of-Football.pdf\" target=\"_blank\" rel=\"noopener noreferrer\">Spirit of Football e.V. &#8211; Seit 10 Jahren am Ball f\u00fcr eine weltoffene,<br \/>\ntolerante und faire Gesellschaft<br \/>\n<\/a><em>(2. Dezember 2015)<\/em><\/p>\n<p><a href=\"https:\/\/spirit-of-football.de\/wp-content\/uploads\/sites\/12\/2015\/10\/PM_2015-10-07-Ferienprogramm-talentCAMPus-Ein-Ball-Meine-Heimat.pdf\" target=\"_blank\" rel=\"noopener noreferrer\">Ferienprogramm \u201eEin Ball, Meine Heimat\u201c besucht Th\u00fcringer Landtag<br \/>\n<\/a><em>(7. Oktober 2015)<\/em><\/p>\n<p><a href=\"https:\/\/spirit-of-football.de\/wp-content\/uploads\/sites\/12\/2015\/10\/PM_2015-09-22-Kick-off-Ein-Ball-Eine-Welt-durch-J\u00fcrgen-Klopp.pdf\" target=\"_blank\" rel=\"noopener noreferrer\">Kick off Ein Ball, Eine Welt durch J\u00fcrgen Klopp<\/a><br \/>\n<em> (22. September 2015)<\/em><\/p>\n<p><a href=\"https:\/\/spirit-of-football.de\/wp-content\/uploads\/sites\/12\/2015\/09\/PM-2015-09-08-Ein-Ball-Eine-Welt-rollt-durch-KoWo-Wohnquartiere.pdf\" target=\"_blank\" rel=\"noopener noreferrer\">Quartiersfu\u00dfball KoWo Erfurt<\/a><br \/>\n<em> (8. September 2015)<\/em><\/p>\n<p><a href=\"https:\/\/spirit-of-football.de\/wp-content\/uploads\/sites\/12\/2015\/07\/PM_2015-07-07-15-Buntes-Leben.pdf\" target=\"_blank\" rel=\"noopener noreferrer\">Interkulturelles Fest &#8222;Buntes Leben&#8220;<\/a><br \/>\n<em> (7. Juli 2015)<\/em><\/p>\n<p><a href=\"https:\/\/spirit-of-football.de\/wp-content\/uploads\/sites\/12\/2015\/07\/PM_2015-04-21-Humboldtschule.pdf\" target=\"_blank\" rel=\"noopener noreferrer\">One World, One School \u2013 gemeinsam erleben, zusammen wachsen<br \/>\n<\/a><em>(21. April 2015)<\/em><\/p>\n<h2>2014<\/h2>\n<p><a href=\"https:\/\/spirit-of-football.de\/wp-content\/uploads\/sites\/12\/2015\/07\/PM_2014-05-25-EineWeltEineLeidenschaft.pdf\" target=\"_blank\" rel=\"noopener noreferrer\">Eine Welt, Eine Leidenschaft Festival<\/a><br \/>\n<em> (25. Mai 2014)<\/em><\/p>\n<p><a href=\"https:\/\/spirit-of-football.de\/wp-content\/uploads\/sites\/12\/2014\/04\/PM-SoF-GER-Kick-off-The-Ball-2014-in-London.pdf\" target=\"_blank\" rel=\"noopener noreferrer\">Kick-off Ballreise 2014 nach Brasilien<\/a><br \/>\n<em> (6. Januar 2014)<\/em><\/p>\n<h2>2013<\/h2>\n<p><a href=\"https:\/\/dl.dropboxusercontent.com\/u\/68624290\/docs4homepage\/the_ball_2014.pdf\" target=\"_blank\" rel=\"noopener noreferrer\">Brosch\u00fcre &#8222;The Ball&#8220; (english)<\/a><\/p>\n<h2>2012<\/h2>\n<p><a href=\"https:\/\/spirit-of-football.de\/wp-content\/uploads\/sites\/12\/2015\/10\/PM_2012-08-06-\u201cFans-will-be-Friends-\u2013-Reise-2012.pdf\" target=\"_blank\" rel=\"noopener noreferrer\">Fans will be Friends Bildungsreise 2012<\/a><br \/>\n(8. Juni 2012)<\/p>\n<h2>2010<\/h2>\n<p><a href=\"https:\/\/spirit-of-football.de\/wp-content\/uploads\/sites\/12\/2015\/10\/PM-2010-23-06-Jugendstrafanstalt-Ichtershausen.pdf\" target=\"_blank\" rel=\"noopener noreferrer\">Aktionstag in JVA Ichtershausen<\/a><br \/>\n(23. Juni 2010)<\/p>\n<p><a href=\"https:\/\/spirit-of-football.de\/wp-content\/uploads\/sites\/12\/2015\/10\/PM_2010-02-06-Arena-der-Zukunft-Finale.pdf\" target=\"_blank\" rel=\"noopener noreferrer\">Finale Stra\u00dfenfu\u00dfballturnier &#8222;Arena der Zukunft&#8220;<\/a><br \/>\n(2. Juni 2010)<\/p>\n<p>&nbsp;<\/p>","protected":false},"excerpt":{"rendered":"<p>Die Mixed Zone von Spirit of Football e.V. Hier treffen sich Logo, Pressemitteilung und Bildmaterial zum download f\u00fcr Medienvertreter. LOGO Logo als PNG zum download BILDMATERIAL Alle Fotos d\u00fcrfen mit Benennung der jeweiligen Fotografen in Print- und Onlinepublikationen ver\u00f6ffentlicht werden&#8230;. <a class=\"read-more\" href=\"https:\/\/spirit-of-football.de\/en\/spirit-of-presse-2-2\/\">[Read more]<\/a><\/p>\n","protected":false},"author":8,"featured_media":11526,"parent":0,"menu_order":0,"comment_status":"closed","ping_status":"closed","template":"","meta":{"_acf_changed":false,"footnotes":""},"class_list":["post-10665","page","type-page","status-publish","has-post-thumbnail","hentry"],"acf":[],"jetpack_sharing_enabled":true,"_links":{"self":[{"href":"https:\/\/spirit-of-football.de\/en\/wp-json\/wp\/v2\/pages\/10665","targetHints":{"allow":["GET"]}}],"collection":[{"href":"https:\/\/spirit-of-football.de\/en\/wp-json\/wp\/v2\/pages"}],"about":[{"href":"https:\/\/spirit-of-football.de\/en\/wp-json\/wp\/v2\/types\/page"}],"author":[{"embeddable":true,"href":"https:\/\/spirit-of-football.de\/en\/wp-json\/wp\/v2\/users\/8"}],"replies":[{"embeddable":true,"href":"https:\/\/spirit-of-football.de\/en\/wp-json\/wp\/v2\/comments?post=10665"}],"version-history":[{"count":15,"href":"https:\/\/spirit-of-football.de\/en\/wp-json\/wp\/v2\/pages\/10665\/revisions"}],"predecessor-version":[{"id":103968,"href":"https:\/\/spirit-of-football.de\/en\/wp-json\/wp\/v2\/pages\/10665\/revisions\/103968"}],"wp:featuredmedia":[{"embeddable":true,"href":"https:\/\/spirit-of-football.de\/en\/wp-json\/wp\/v2\/media\/11526"}],"wp:attachment":[{"href":"https:\/\/spirit-of-football.de\/en\/wp-json\/wp\/v2\/media?parent=10665"}],"curies":[{"name":"wp","href":"https:\/\/api.w.org\/{rel}","templated":true}]}}