{"id":10656,"date":"2019-01-24T14:41:52","date_gmt":"2019-01-24T13:41:52","guid":{"rendered":"https:\/\/spirit-of-football.de\/?page_id=10656"},"modified":"2021-06-07T12:04:05","modified_gmt":"2021-06-07T10:04:05","slug":"projekte-mit-erwachsenen","status":"publish","type":"page","link":"https:\/\/spirit-of-football.de\/en\/projekte-mit-erwachsenen\/","title":{"rendered":"Projekte mit Erwachsenen"},"content":{"rendered":"<p>In der Arbeit mit Erwachsenen haben wir vielf\u00e4ltige Projekte in den Bereich Integration und Erwachsenenbildung ins Leben gerufen.<\/p>\n<h3>Projekt: Spirit of Welcome<\/h3>\n<p>Unsere Integrationsangebote haben das Ziel, die gesellschaftliche Integration von Fl\u00fcchtlingen in Erfurt und Umgebung voranzubringen.<\/p>\n<p style=\"padding-left: 40px;\"><strong>Spirit of Kulturabend<\/strong><br \/>\nEinmal die Woche treffen sich Gefl\u00fcchtete und Erfurter*innen im Jugendhaus Domizil. Beim gemeinsamen Kochen, Kickern und Entspannen gibt es die M\u00f6glichkeit ungezwungen in den Austausch zu treten.<\/p>\n<p style=\"padding-left: 40px;\"><em>Wir bedanken uns f\u00fcr die Unterst\u00fctzung bei:<\/em><\/p>\n<p style=\"padding-left: 40px;\"><img loading=\"lazy\" decoding=\"async\" data-attachment-id=\"11131\" data-permalink=\"https:\/\/spirit-of-football.de\/en\/events\/event\/spirit-of-jobfit\/sfw_logo-fc_transparent\/\" data-orig-file=\"https:\/\/spirit-of-football.de\/wp-content\/uploads\/sites\/12\/2019\/04\/sfw_Logo-FC_transparent.png\" data-orig-size=\"871,374\" data-comments-opened=\"1\" data-image-meta=\"{&quot;aperture&quot;:&quot;0&quot;,&quot;credit&quot;:&quot;&quot;,&quot;camera&quot;:&quot;&quot;,&quot;caption&quot;:&quot;&quot;,&quot;created_timestamp&quot;:&quot;0&quot;,&quot;copyright&quot;:&quot;&quot;,&quot;focal_length&quot;:&quot;0&quot;,&quot;iso&quot;:&quot;0&quot;,&quot;shutter_speed&quot;:&quot;0&quot;,&quot;title&quot;:&quot;&quot;,&quot;orientation&quot;:&quot;0&quot;}\" data-image-title=\"sfw_Logo FC_transparent\" data-image-description=\"\" data-image-caption=\"\" data-large-file=\"https:\/\/spirit-of-football.de\/wp-content\/uploads\/sites\/12\/2019\/04\/sfw_Logo-FC_transparent.png\" class=\"alignnone wp-image-11131\" src=\"https:\/\/spirit-of-football.de\/wp-content\/uploads\/sites\/12\/2019\/04\/sfw_Logo-FC_transparent.png\" alt=\"\" width=\"140\" height=\"60\" srcset=\"https:\/\/spirit-of-football.de\/wp-content\/uploads\/sites\/12\/2019\/04\/sfw_Logo-FC_transparent.png 871w, https:\/\/spirit-of-football.de\/wp-content\/uploads\/sites\/12\/2019\/04\/sfw_Logo-FC_transparent-18x8.png 18w, https:\/\/spirit-of-football.de\/wp-content\/uploads\/sites\/12\/2019\/04\/sfw_Logo-FC_transparent-553x237.png 553w, https:\/\/spirit-of-football.de\/wp-content\/uploads\/sites\/12\/2019\/04\/sfw_Logo-FC_transparent-640x275.png 640w, https:\/\/spirit-of-football.de\/wp-content\/uploads\/sites\/12\/2019\/04\/sfw_Logo-FC_transparent-618x265.png 618w, https:\/\/spirit-of-football.de\/wp-content\/uploads\/sites\/12\/2019\/04\/sfw_Logo-FC_transparent-240x103.png 240w, https:\/\/spirit-of-football.de\/wp-content\/uploads\/sites\/12\/2019\/04\/sfw_Logo-FC_transparent-300x129.png 300w, https:\/\/spirit-of-football.de\/wp-content\/uploads\/sites\/12\/2019\/04\/sfw_Logo-FC_transparent-768x330.png 768w, https:\/\/spirit-of-football.de\/wp-content\/uploads\/sites\/12\/2019\/04\/sfw_Logo-FC_transparent-500x215.png 500w, https:\/\/spirit-of-football.de\/wp-content\/uploads\/sites\/12\/2019\/04\/sfw_Logo-FC_transparent-547x231.png 547w\" sizes=\"auto, (max-width: 140px) 100vw, 140px\" \/><\/p>\n<p style=\"padding-left: 40px;\"><strong>Frauensport<\/strong><\/p>\n<p style=\"padding-left: 40px;\">Das Angebot ist ein regelm\u00e4\u00dfig stattfindendes Sport- und Bewegungsangebot f\u00fcr gefl\u00fcchtete Frauen in Erfurt sowie Erfurter B\u00fcrgerinnen. Im Mittelpunkt stehen neben einem ungezwungenen Austausch zwischen Sportbegeisterten, auch verschiedene sportliche Aktivit\u00e4ten. Der Frauensport findet in Kooperation mit dem Erfurter Verein <span style=\"color: #000000;\"><a style=\"color: #000000;\" href=\"https:\/\/www.facebook.com\/move.erfurt\/\" target=\"_blank\" rel=\"noopener noreferrer\">Move e.V.<\/a><\/span> einmal pro Woche in einer Erfurter Sporthalle statt.<\/p>\n<p style=\"padding-left: 40px;\"><em>Wir bedanken uns f\u00fcr die Unterst\u00fctzung bei:<\/em><\/p>\n<p style=\"padding-left: 40px;\"><img loading=\"lazy\" decoding=\"async\" data-attachment-id=\"11131\" data-permalink=\"https:\/\/spirit-of-football.de\/en\/events\/event\/spirit-of-jobfit\/sfw_logo-fc_transparent\/\" data-orig-file=\"https:\/\/spirit-of-football.de\/wp-content\/uploads\/sites\/12\/2019\/04\/sfw_Logo-FC_transparent.png\" data-orig-size=\"871,374\" data-comments-opened=\"1\" data-image-meta=\"{&quot;aperture&quot;:&quot;0&quot;,&quot;credit&quot;:&quot;&quot;,&quot;camera&quot;:&quot;&quot;,&quot;caption&quot;:&quot;&quot;,&quot;created_timestamp&quot;:&quot;0&quot;,&quot;copyright&quot;:&quot;&quot;,&quot;focal_length&quot;:&quot;0&quot;,&quot;iso&quot;:&quot;0&quot;,&quot;shutter_speed&quot;:&quot;0&quot;,&quot;title&quot;:&quot;&quot;,&quot;orientation&quot;:&quot;0&quot;}\" data-image-title=\"sfw_Logo FC_transparent\" data-image-description=\"\" data-image-caption=\"\" data-large-file=\"https:\/\/spirit-of-football.de\/wp-content\/uploads\/sites\/12\/2019\/04\/sfw_Logo-FC_transparent.png\" class=\"alignnone wp-image-11131\" src=\"https:\/\/spirit-of-football.de\/wp-content\/uploads\/sites\/12\/2019\/11\/ef_sub_jedermann.jpg\" alt=\"\" width=\"140\" height=\"100\" \/><\/p>\n<p style=\"padding-left: 40px;\"><strong>Fu\u00dfball-Training mit Gefl\u00fcchteten<\/strong><br \/>\nJeden Mittwoch bieten wir ein offenes Futsal-Angebot f\u00fcr an. Unter Anleitung unserer Spirit of Football-\u00dcbungsleiter werden mit Hilfe unserer FairPlay-Regeln grundlegende Fu\u00dfball-Kenntnisse vermittelt.<\/p>\n<p style=\"padding-left: 40px;\"><em>Wir bedanken uns f\u00fcr die Unterst\u00fctzung bei:<\/em><\/p>\n<p style=\"padding-left: 40px;\"><img loading=\"lazy\" decoding=\"async\" data-attachment-id=\"3994\" data-permalink=\"https:\/\/spirit-of-football.de\/en\/landessportbund\/\" data-orig-file=\"https:\/\/spirit-of-football.de\/wp-content\/uploads\/sites\/12\/2015\/12\/Landessportbund.png\" data-orig-size=\"504,414\" data-comments-opened=\"1\" data-image-meta=\"{&quot;aperture&quot;:&quot;0&quot;,&quot;credit&quot;:&quot;&quot;,&quot;camera&quot;:&quot;&quot;,&quot;caption&quot;:&quot;&quot;,&quot;created_timestamp&quot;:&quot;0&quot;,&quot;copyright&quot;:&quot;&quot;,&quot;focal_length&quot;:&quot;0&quot;,&quot;iso&quot;:&quot;0&quot;,&quot;shutter_speed&quot;:&quot;0&quot;,&quot;title&quot;:&quot;&quot;,&quot;orientation&quot;:&quot;0&quot;}\" data-image-title=\"Logo Landessportbund\" data-image-description=\"\" data-image-caption=\"\" data-large-file=\"https:\/\/spirit-of-football.de\/wp-content\/uploads\/sites\/12\/2015\/12\/Landessportbund.png\" class=\"alignnone wp-image-3994\" src=\"https:\/\/spirit-of-football.de\/wp-content\/uploads\/sites\/12\/2015\/12\/Landessportbund.png\" alt=\"\" width=\"140\" height=\"115\" srcset=\"https:\/\/spirit-of-football.de\/wp-content\/uploads\/sites\/12\/2015\/12\/Landessportbund.png 504w, https:\/\/spirit-of-football.de\/wp-content\/uploads\/sites\/12\/2015\/12\/Landessportbund-15x12.png 15w, https:\/\/spirit-of-football.de\/wp-content\/uploads\/sites\/12\/2015\/12\/Landessportbund-390x320.png 390w, https:\/\/spirit-of-football.de\/wp-content\/uploads\/sites\/12\/2015\/12\/Landessportbund-240x197.png 240w, https:\/\/spirit-of-football.de\/wp-content\/uploads\/sites\/12\/2015\/12\/Landessportbund-300x246.png 300w, https:\/\/spirit-of-football.de\/wp-content\/uploads\/sites\/12\/2015\/12\/Landessportbund-365x300.png 365w\" sizes=\"auto, (max-width: 140px) 100vw, 140px\" \/><\/p>\n<p>&nbsp;<\/p>\n<p style=\"padding-left: 40px;\"><strong>Unterst\u00fctzung und Beratung f\u00fcr gefl\u00fcchtete Menschen<\/strong><br \/>\nWir bieten ein einmal w\u00f6chentlich stattfindendes Begegnungsangebot f\u00fcr Gefl\u00fcchtete an und beraten diese bei verschiedenen Herausforderungen.<\/p>\n<p style=\"padding-left: 40px;\"><em>Wir bedanken uns f\u00fcr die Unterst\u00fctzung bei:<\/em><\/p>\n<p style=\"padding-left: 40px;\"><img loading=\"lazy\" decoding=\"async\" data-attachment-id=\"11131\" data-permalink=\"https:\/\/spirit-of-football.de\/en\/events\/event\/spirit-of-jobfit\/sfw_logo-fc_transparent\/\" data-orig-file=\"https:\/\/spirit-of-football.de\/wp-content\/uploads\/sites\/12\/2019\/04\/sfw_Logo-FC_transparent.png\" data-orig-size=\"871,374\" data-comments-opened=\"1\" data-image-meta=\"{&quot;aperture&quot;:&quot;0&quot;,&quot;credit&quot;:&quot;&quot;,&quot;camera&quot;:&quot;&quot;,&quot;caption&quot;:&quot;&quot;,&quot;created_timestamp&quot;:&quot;0&quot;,&quot;copyright&quot;:&quot;&quot;,&quot;focal_length&quot;:&quot;0&quot;,&quot;iso&quot;:&quot;0&quot;,&quot;shutter_speed&quot;:&quot;0&quot;,&quot;title&quot;:&quot;&quot;,&quot;orientation&quot;:&quot;0&quot;}\" data-image-title=\"sfw_Logo FC_transparent\" data-image-description=\"\" data-image-caption=\"\" data-large-file=\"https:\/\/spirit-of-football.de\/wp-content\/uploads\/sites\/12\/2019\/04\/sfw_Logo-FC_transparent.png\" class=\"alignnone wp-image-11131\" src=\"https:\/\/spirit-of-football.de\/wp-content\/uploads\/sites\/12\/2019\/04\/sfw_Logo-FC_transparent.png\" alt=\"\" width=\"140\" height=\"60\" srcset=\"https:\/\/spirit-of-football.de\/wp-content\/uploads\/sites\/12\/2019\/04\/sfw_Logo-FC_transparent.png 871w, https:\/\/spirit-of-football.de\/wp-content\/uploads\/sites\/12\/2019\/04\/sfw_Logo-FC_transparent-18x8.png 18w, https:\/\/spirit-of-football.de\/wp-content\/uploads\/sites\/12\/2019\/04\/sfw_Logo-FC_transparent-553x237.png 553w, https:\/\/spirit-of-football.de\/wp-content\/uploads\/sites\/12\/2019\/04\/sfw_Logo-FC_transparent-640x275.png 640w, https:\/\/spirit-of-football.de\/wp-content\/uploads\/sites\/12\/2019\/04\/sfw_Logo-FC_transparent-618x265.png 618w, https:\/\/spirit-of-football.de\/wp-content\/uploads\/sites\/12\/2019\/04\/sfw_Logo-FC_transparent-240x103.png 240w, https:\/\/spirit-of-football.de\/wp-content\/uploads\/sites\/12\/2019\/04\/sfw_Logo-FC_transparent-300x129.png 300w, https:\/\/spirit-of-football.de\/wp-content\/uploads\/sites\/12\/2019\/04\/sfw_Logo-FC_transparent-768x330.png 768w, https:\/\/spirit-of-football.de\/wp-content\/uploads\/sites\/12\/2019\/04\/sfw_Logo-FC_transparent-500x215.png 500w, https:\/\/spirit-of-football.de\/wp-content\/uploads\/sites\/12\/2019\/04\/sfw_Logo-FC_transparent-547x231.png 547w\" sizes=\"auto, (max-width: 140px) 100vw, 140px\" \/><\/p>\n<h3><\/h3>\n<h3><\/h3>\n<h3>Projekt: Internationales<\/h3>\n<p><strong>Train of Trainers (ToT) in Jordanien<\/strong><br \/>\nIn mehrt\u00e4gigen Workshops werden die Teilnehmenden interaktiv mit unseren Methoden vertraut gemacht. Dabei soll das Erlernte sp\u00e4ter eigenst\u00e4ndig im eigenen Arbeitsumfeld angewendet werden. Indem die zuk\u00fcnftigen Trainer*innen die verschiedenen Inhalte der Workshop selbst umsetzen, entwickeln sie neben der Workshop-Durchf\u00fchrung auch F\u00e4higkeiten zum Teambuilding. Das <span style=\"color: #000000;\"><a style=\"color: #000000;\" href=\"https:\/\/spirit-of-football.de\/en\/category\/azraq-project\/\" target=\"_blank\" rel=\"noopener noreferrer\">Tagebuch<\/a><\/span> dokumentiert die Erlebnisse der Projektreihe, die im Fr\u00fchjahr 2018 startete und im M\u00e4rz 2020 endete.<\/p>\n<p><em>Wir bedanken uns f\u00fcr die Unterst\u00fctzung bei:<\/em><\/p>\n<p><img loading=\"lazy\" decoding=\"async\" data-attachment-id=\"9239\" data-permalink=\"https:\/\/spirit-of-football.de\/en\/events\/event\/spirit-of-jordan-azraq-projektreihe-2018\/auswaertiges_amt_logo\/\" data-orig-file=\"https:\/\/spirit-of-football.de\/wp-content\/uploads\/sites\/12\/2018\/01\/Ausw\u00e4rtiges_Amt_Logo.png\" data-orig-size=\"702,390\" data-comments-opened=\"1\" data-image-meta=\"{&quot;aperture&quot;:&quot;0&quot;,&quot;credit&quot;:&quot;&quot;,&quot;camera&quot;:&quot;&quot;,&quot;caption&quot;:&quot;&quot;,&quot;created_timestamp&quot;:&quot;0&quot;,&quot;copyright&quot;:&quot;&quot;,&quot;focal_length&quot;:&quot;0&quot;,&quot;iso&quot;:&quot;0&quot;,&quot;shutter_speed&quot;:&quot;0&quot;,&quot;title&quot;:&quot;&quot;,&quot;orientation&quot;:&quot;0&quot;}\" data-image-title=\"Ausw\u00e4rtiges_Amt_Logo\" data-image-description=\"\" data-image-caption=\"\" data-large-file=\"https:\/\/spirit-of-football.de\/wp-content\/uploads\/sites\/12\/2018\/01\/Ausw\u00e4rtiges_Amt_Logo.png\" class=\"alignnone wp-image-9239\" src=\"https:\/\/spirit-of-football.de\/wp-content\/uploads\/sites\/12\/2018\/01\/Ausw\u00e4rtiges_Amt_Logo.png\" alt=\"\" width=\"140\" height=\"78\" srcset=\"https:\/\/spirit-of-football.de\/wp-content\/uploads\/sites\/12\/2018\/01\/Ausw\u00e4rtiges_Amt_Logo.png 702w, https:\/\/spirit-of-football.de\/wp-content\/uploads\/sites\/12\/2018\/01\/Ausw\u00e4rtiges_Amt_Logo-18x10.png 18w, https:\/\/spirit-of-football.de\/wp-content\/uploads\/sites\/12\/2018\/01\/Ausw\u00e4rtiges_Amt_Logo-553x307.png 553w, https:\/\/spirit-of-football.de\/wp-content\/uploads\/sites\/12\/2018\/01\/Ausw\u00e4rtiges_Amt_Logo-640x356.png 640w, https:\/\/spirit-of-football.de\/wp-content\/uploads\/sites\/12\/2018\/01\/Ausw\u00e4rtiges_Amt_Logo-618x343.png 618w, https:\/\/spirit-of-football.de\/wp-content\/uploads\/sites\/12\/2018\/01\/Ausw\u00e4rtiges_Amt_Logo-240x133.png 240w, https:\/\/spirit-of-football.de\/wp-content\/uploads\/sites\/12\/2018\/01\/Ausw\u00e4rtiges_Amt_Logo-300x167.png 300w, https:\/\/spirit-of-football.de\/wp-content\/uploads\/sites\/12\/2018\/01\/Ausw\u00e4rtiges_Amt_Logo-500x278.png 500w\" sizes=\"auto, (max-width: 140px) 100vw, 140px\" \/><\/p>\n<h3><\/h3>\n<h3>Projekt: Studium Fundamentale<\/h3>\n<p>In Kooperation mit der Universit\u00e4t Erfurt werden den Student*innen in einem w\u00f6chentlich stattfindenden Seminar die Grundlagen von unserer Vereinsarbeit n\u00e4hergebracht. Neben theoretischen Elementen sind die Studierenden ebenfalls angehalten sich aktiv bei schulischen und au\u00dferschulischen Angeboten einzubringen, um unsere Arbeit zu kennenzulernen. Einen kleinen Einblick in die Seminargruppen gibt es <span style=\"color: #000000;\"><a style=\"color: #000000;\" href=\"https:\/\/portrait.spirit-of-football.de\/\" target=\"_blank\" rel=\"noopener noreferrer\">hier<\/a>.<\/span><\/p>\n<p><em>Wir bedanken uns f\u00fcr die Unterst\u00fctzung bei:<\/em><\/p>\n<p><img loading=\"lazy\" decoding=\"async\" data-attachment-id=\"64151\" data-permalink=\"https:\/\/spirit-of-football.de\/en\/projekte-mit-erwachsenen\/uni-erfurt-neu-2\/\" data-orig-file=\"https:\/\/spirit-of-football.de\/wp-content\/uploads\/sites\/12\/2021\/05\/uni-erfurt-neu.png\" data-orig-size=\"944,844\" data-comments-opened=\"1\" data-image-meta=\"{&quot;aperture&quot;:&quot;0&quot;,&quot;credit&quot;:&quot;&quot;,&quot;camera&quot;:&quot;&quot;,&quot;caption&quot;:&quot;&quot;,&quot;created_timestamp&quot;:&quot;0&quot;,&quot;copyright&quot;:&quot;&quot;,&quot;focal_length&quot;:&quot;0&quot;,&quot;iso&quot;:&quot;0&quot;,&quot;shutter_speed&quot;:&quot;0&quot;,&quot;title&quot;:&quot;&quot;,&quot;orientation&quot;:&quot;0&quot;}\" data-image-title=\"uni erfurt logo neu\" data-image-description=\"\" data-image-caption=\"\" data-large-file=\"https:\/\/spirit-of-football.de\/wp-content\/uploads\/sites\/12\/2021\/05\/uni-erfurt-neu.png\" class=\"wp-image-64151 alignleft\" src=\"https:\/\/spirit-of-football.de\/wp-content\/uploads\/sites\/12\/2021\/05\/uni-erfurt-neu.png\" alt=\"uni erfurt logo neu\" width=\"140\" height=\"125\" srcset=\"https:\/\/spirit-of-football.de\/wp-content\/uploads\/sites\/12\/2021\/05\/uni-erfurt-neu.png 944w, https:\/\/spirit-of-football.de\/wp-content\/uploads\/sites\/12\/2021\/05\/uni-erfurt-neu-13x12.png 13w, https:\/\/spirit-of-football.de\/wp-content\/uploads\/sites\/12\/2021\/05\/uni-erfurt-neu-805x720.png 805w, https:\/\/spirit-of-football.de\/wp-content\/uploads\/sites\/12\/2021\/05\/uni-erfurt-neu-358x320.png 358w, https:\/\/spirit-of-football.de\/wp-content\/uploads\/sites\/12\/2021\/05\/uni-erfurt-neu-640x572.png 640w, https:\/\/spirit-of-football.de\/wp-content\/uploads\/sites\/12\/2021\/05\/uni-erfurt-neu-618x553.png 618w, https:\/\/spirit-of-football.de\/wp-content\/uploads\/sites\/12\/2021\/05\/uni-erfurt-neu-240x215.png 240w, https:\/\/spirit-of-football.de\/wp-content\/uploads\/sites\/12\/2021\/05\/uni-erfurt-neu-300x268.png 300w, https:\/\/spirit-of-football.de\/wp-content\/uploads\/sites\/12\/2021\/05\/uni-erfurt-neu-768x687.png 768w, https:\/\/spirit-of-football.de\/wp-content\/uploads\/sites\/12\/2021\/05\/uni-erfurt-neu-336x300.png 336w\" sizes=\"auto, (max-width: 140px) 100vw, 140px\" \/><\/p>","protected":false},"excerpt":{"rendered":"<p>In der Arbeit mit Erwachsenen haben wir vielf\u00e4ltige Projekte in den Bereich Integration und Erwachsenenbildung ins Leben gerufen. Projekt: Spirit of Welcome Unsere Integrationsangebote haben das Ziel, die gesellschaftliche Integration von Fl\u00fcchtlingen in Erfurt und Umgebung voranzubringen. Spirit of Kulturabend&#8230; <a class=\"read-more\" href=\"https:\/\/spirit-of-football.de\/en\/projekte-mit-erwachsenen\/\">[Read more]<\/a><\/p>\n","protected":false},"author":8,"featured_media":12307,"parent":0,"menu_order":0,"comment_status":"closed","ping_status":"closed","template":"","meta":{"_acf_changed":false,"footnotes":""},"class_list":["post-10656","page","type-page","status-publish","has-post-thumbnail","hentry"],"acf":[],"jetpack_sharing_enabled":true,"_links":{"self":[{"href":"https:\/\/spirit-of-football.de\/en\/wp-json\/wp\/v2\/pages\/10656","targetHints":{"allow":["GET"]}}],"collection":[{"href":"https:\/\/spirit-of-football.de\/en\/wp-json\/wp\/v2\/pages"}],"about":[{"href":"https:\/\/spirit-of-football.de\/en\/wp-json\/wp\/v2\/types\/page"}],"author":[{"embeddable":true,"href":"https:\/\/spirit-of-football.de\/en\/wp-json\/wp\/v2\/users\/8"}],"replies":[{"embeddable":true,"href":"https:\/\/spirit-of-football.de\/en\/wp-json\/wp\/v2\/comments?post=10656"}],"version-history":[{"count":15,"href":"https:\/\/spirit-of-football.de\/en\/wp-json\/wp\/v2\/pages\/10656\/revisions"}],"predecessor-version":[{"id":64558,"href":"https:\/\/spirit-of-football.de\/en\/wp-json\/wp\/v2\/pages\/10656\/revisions\/64558"}],"wp:featuredmedia":[{"embeddable":true,"href":"https:\/\/spirit-of-football.de\/en\/wp-json\/wp\/v2\/media\/12307"}],"wp:attachment":[{"href":"https:\/\/spirit-of-football.de\/en\/wp-json\/wp\/v2\/media?parent=10656"}],"curies":[{"name":"wp","href":"https:\/\/api.w.org\/{rel}","templated":true}]}}