{"id":103783,"date":"2025-11-19T17:16:08","date_gmt":"2025-11-19T16:16:08","guid":{"rendered":"https:\/\/spirit-of-football.de\/?page_id=103783"},"modified":"2025-11-19T17:16:08","modified_gmt":"2025-11-19T16:16:08","slug":"homepage-teaser","status":"publish","type":"page","link":"https:\/\/spirit-of-football.de\/en\/homepage-teaser\/","title":{"rendered":"Homepage Teaser"},"content":{"rendered":"<blockquote><p>Football inspires and unites people all over the world. Students in different countries get to know each other through sport. Language skills help them in this process. German connects.<\/p><\/blockquote>\n<p>Welcome to Spirit of Football Germany in the Thuringian state capital Erfurt. As a non-profit association, we have promoted a culture of fair play since 2005, based on the three pillars of \u201cdiversity\u201d, \u201crespect\u201d and \u201cteamwork\u201d.<\/p>\n<p class=\"translation-block\">We use the power of football to bring people together and share positive stories about tolerance, peace and community with one another. We belong to a Spirit of Football family active in <strong><a href=\"https:\/\/spiritoffootball.cmw\/\" target=\"_blank\" rel=\"noopener noreferrer\">ENGLAND<\/a><\/strong> and <strong><a href=\"https:\/\/br.spiritoffootball.cmw\/\" target=\"_blank\" rel=\"noopener noreferrer\">BRAZIL<\/a><\/strong>.<\/p>","protected":false},"excerpt":{"rendered":"<p>Fu\u00dfball begeistert und verbindet Menschen in aller Welt. Sch\u00fcler in verschiedenen L\u00e4ndern lernen einander durch den Sport kennen. Dabei helfen ihnen Sprachkenntnisse. Deutsch verbindet. Herzlich willkommen bei Spirit of Football e.V. aus der Th\u00fcringer Landeshauptstadt Erfurt. Als gemeinn\u00fctziger Verein stehen&#8230; <a class=\"read-more\" href=\"https:\/\/spirit-of-football.de\/en\/homepage-teaser\/\">[Read more]<\/a><\/p>\n","protected":false},"author":7,"featured_media":102740,"parent":0,"menu_order":0,"comment_status":"closed","ping_status":"closed","template":"","meta":{"_acf_changed":false,"footnotes":""},"class_list":["post-103783","page","type-page","status-publish","has-post-thumbnail","hentry"],"acf":[],"jetpack_sharing_enabled":true,"_links":{"self":[{"href":"https:\/\/spirit-of-football.de\/en\/wp-json\/wp\/v2\/pages\/103783","targetHints":{"allow":["GET"]}}],"collection":[{"href":"https:\/\/spirit-of-football.de\/en\/wp-json\/wp\/v2\/pages"}],"about":[{"href":"https:\/\/spirit-of-football.de\/en\/wp-json\/wp\/v2\/types\/page"}],"author":[{"embeddable":true,"href":"https:\/\/spirit-of-football.de\/en\/wp-json\/wp\/v2\/users\/7"}],"replies":[{"embeddable":true,"href":"https:\/\/spirit-of-football.de\/en\/wp-json\/wp\/v2\/comments?post=103783"}],"version-history":[{"count":1,"href":"https:\/\/spirit-of-football.de\/en\/wp-json\/wp\/v2\/pages\/103783\/revisions"}],"predecessor-version":[{"id":103784,"href":"https:\/\/spirit-of-football.de\/en\/wp-json\/wp\/v2\/pages\/103783\/revisions\/103784"}],"wp:featuredmedia":[{"embeddable":true,"href":"https:\/\/spirit-of-football.de\/en\/wp-json\/wp\/v2\/media\/102740"}],"wp:attachment":[{"href":"https:\/\/spirit-of-football.de\/en\/wp-json\/wp\/v2\/media?parent=103783"}],"curies":[{"name":"wp","href":"https:\/\/api.w.org\/{rel}","templated":true}]}}