{"id":10159,"date":"2018-12-13T14:58:13","date_gmt":"2018-12-13T13:58:13","guid":{"rendered":"https:\/\/spirit-of-football.de\/?page_id=10159"},"modified":"2023-04-20T17:35:06","modified_gmt":"2023-04-20T15:35:06","slug":"the-ball","status":"publish","type":"page","link":"https:\/\/spirit-of-football.de\/en\/the-ball\/","title":{"rendered":"The Ball"},"content":{"rendered":"<p style=\"text-align: left;\"><strong>&#8218;The Ball&#8216; ist ein Symbol f\u00fcr Weltoffenheit, FairPlay, Respekt und zelebriert die M\u00f6glichkeit durch den globalen Sport Menschen weltweit einander n\u00e4her zu bringen. Alle vier Jahre startet dieser vom Battersea Park in London, wo 1864 das allererste Fu\u00dfballspiel nach modernen Regeln stattfand. Sein Reiseziel ist das Land der jeweiligen Fu\u00dfball-Weltmeisterschaft.<\/strong><\/p>\n<p>\u201eEin Ball, Eine Welt\u201c ist unser Leitgedanke bei allen Ballreisen und hebt die au\u00dfergew\u00f6hnliche Kraft eines Balles hervor, der Menschen zusammenbringt und begeistern kann. Die Sprache spielt hier ausnahmsweise eine untergeordnete Rolle. Sie ist nicht notwendig, um in den Austausch zu treten. Genau das ist die Besonderheit bei unseren Ballreisen mit &#8218;The Ball&#8216; .<\/p>\n<p>W\u00e4hrend unserer Reisen durch die L\u00e4nder der Welt, zu Schulen und sozialen Organisationen, wird der Gedanke \u201eEin Ball, Eine Welt\u201c gelebt. Denn jeder kann sich bei den verschiedenen Aktivit\u00e4ten (Kunst-, Theaterworkshops u.v.m.) vor allem beim FairPlay-Fu\u00dfball einbringen.<\/p>\n<p>Am Ende bleibt unserer \u201eSpirit\u201c -ein fairer und respektvoller Umgang mit unseren Mitmenschen und ein Verst\u00e4ndnis f\u00fcr die vielf\u00e4ltigen Kulturen dieser Welt- wird an alle Menschen weitergegeben. Unsere Erfahrungen bringen wir in verschiedene Bildungsprojekte ein, die in der Arbeit mit <a href=\"https:\/\/spirit-of-football.de\/en\/arbeit-mit-kindern-jugendlichen\/\" target=\"_blank\" rel=\"noopener noreferrer\"><strong>Kindern &amp; Jugendlichen<\/strong><\/a> und <a href=\"https:\/\/spirit-of-football.de\/en\/spirit-of-adults\/\" target=\"_blank\" rel=\"noopener noreferrer\"><strong>Erwachsenen<\/strong><\/a> umgesetzt werden.<\/p>\n<h4><\/h4>\n<h4>Mehr zu unseren Ballreisen<\/h4>\n<ul>\n<li><a href=\"https:\/\/theball.tv\/2002\/\" target=\"_blank\" rel=\"noopener noreferrer\">The Ball 2002<\/a><\/li>\n<li><a href=\"https:\/\/theball.tv\/2006\/\" target=\"_blank\" rel=\"noopener noreferrer\">The Ball 2006<\/a><\/li>\n<li><a href=\"https:\/\/theball.tv\/2010\/\" target=\"_blank\" rel=\"noopener noreferrer\">The Ball 2010<\/a><\/li>\n<li><a href=\"https:\/\/theball.tv\/2014\/\" target=\"_blank\" rel=\"noopener noreferrer\">The Ball 2014<\/a><\/li>\n<li><a href=\"https:\/\/spirit-of-football.de\/en\/the-ball-2018\/\" target=\"_blank\" rel=\"noopener noreferrer\">The Ball 2018<\/a><\/li>\n<li><a href=\"https:\/\/theball.tv\/2022\/\" target=\"_blank\" rel=\"noopener\">The Ball 2022\/23<\/a> (englisch)<\/li>\n<\/ul>\n<h4>Reisetageb\u00fccher zu unseren Ballreisen<\/h4>\n<ul>\n<li><a href=\"https:\/\/theball.tv\/2002\/blog\/2002\/02\/23\/from-the-other-side-of-the-room\/\" target=\"_blank\" rel=\"noopener noreferrer\">The Ball 2002<\/a><\/li>\n<li><a href=\"https:\/\/theball.tv\/2006\/\" target=\"_blank\" rel=\"noopener noreferrer\">The Ball 2006<\/a><\/li>\n<li><a href=\"https:\/\/theball.tv\/2010\/\" target=\"_blank\" rel=\"noopener noreferrer\">The Ball 2010<\/a><\/li>\n<li><a href=\"https:\/\/theball.tv\/2014\/\" target=\"_blank\" rel=\"noopener noreferrer\">The Ball 2014<\/a><\/li>\n<li><a href=\"https:\/\/spirit-of-football.de\/en\/category\/theball\/theball18-blogroll\/\" target=\"_blank\" rel=\"noopener noreferrer\">The Ball 2018<\/a><\/li>\n<li><a href=\"https:\/\/theball.tv\/2022\/blog\/\" target=\"_blank\" rel=\"noopener\">The Ball 2022\/23 (englisch)<\/a><\/li>\n<\/ul>\n<p>&nbsp;<\/p>\n<p>Die Zusammenarbeit mit Projektpartnern gew\u00e4hrleistet, dass unsere Ballreisen nachhaltige Ergebnisse erzielen, die \u00fcber die Grenzen Deutschlands hinausreichen.<br \/>\nIn Kombination mit einem Kopfball, d\u00fcrfen alle, die mit &#8218;The Ball&#8216; in Ber\u00fchrung gekommen sind, eine Unterschrift darauf hinterlassen.<\/p>\n<p>Ein gro\u00dfes <strong>DANKESCH\u00d6N<\/strong> an unsere Partner, die \u2018The Ball\u2019 im Jahr 2022\/23 unterst\u00fctzt haben!<\/p>\n<table>\n<tbody>\n<tr>\n<td width=\"151\"><img loading=\"lazy\" decoding=\"async\" data-attachment-id=\"78938\" data-permalink=\"https:\/\/spirit-of-football.de\/en\/the-ball\/postcode\/\" data-orig-file=\"https:\/\/spirit-of-football.de\/wp-content\/uploads\/sites\/12\/2023\/04\/postcode.png\" data-orig-size=\"1276,633\" data-comments-opened=\"1\" data-image-meta=\"{&quot;aperture&quot;:&quot;0&quot;,&quot;credit&quot;:&quot;&quot;,&quot;camera&quot;:&quot;&quot;,&quot;caption&quot;:&quot;&quot;,&quot;created_timestamp&quot;:&quot;0&quot;,&quot;copyright&quot;:&quot;&quot;,&quot;focal_length&quot;:&quot;0&quot;,&quot;iso&quot;:&quot;0&quot;,&quot;shutter_speed&quot;:&quot;0&quot;,&quot;title&quot;:&quot;&quot;,&quot;orientation&quot;:&quot;0&quot;}\" data-image-title=\"postcode\" data-image-description=\"\" data-image-caption=\"\" data-large-file=\"https:\/\/spirit-of-football.de\/wp-content\/uploads\/sites\/12\/2023\/04\/postcode-1024x508.png\" class=\"alignnone wp-image-78938\" src=\"https:\/\/spirit-of-football.de\/wp-content\/uploads\/sites\/12\/2023\/04\/postcode.png\" alt=\"\" width=\"250\" height=\"124\" srcset=\"https:\/\/spirit-of-football.de\/wp-content\/uploads\/sites\/12\/2023\/04\/postcode.png 1276w, https:\/\/spirit-of-football.de\/wp-content\/uploads\/sites\/12\/2023\/04\/postcode-18x9.png 18w, https:\/\/spirit-of-football.de\/wp-content\/uploads\/sites\/12\/2023\/04\/postcode-553x274.png 553w, https:\/\/spirit-of-football.de\/wp-content\/uploads\/sites\/12\/2023\/04\/postcode-640x317.png 640w, https:\/\/spirit-of-football.de\/wp-content\/uploads\/sites\/12\/2023\/04\/postcode-618x307.png 618w, https:\/\/spirit-of-football.de\/wp-content\/uploads\/sites\/12\/2023\/04\/postcode-240x119.png 240w, https:\/\/spirit-of-football.de\/wp-content\/uploads\/sites\/12\/2023\/04\/postcode-980x486.png 980w, https:\/\/spirit-of-football.de\/wp-content\/uploads\/sites\/12\/2023\/04\/postcode-300x149.png 300w, https:\/\/spirit-of-football.de\/wp-content\/uploads\/sites\/12\/2023\/04\/postcode-768x381.png 768w, https:\/\/spirit-of-football.de\/wp-content\/uploads\/sites\/12\/2023\/04\/postcode-1024x508.png 1024w, https:\/\/spirit-of-football.de\/wp-content\/uploads\/sites\/12\/2023\/04\/postcode-1200x600.png 1200w, https:\/\/spirit-of-football.de\/wp-content\/uploads\/sites\/12\/2023\/04\/postcode-500x248.png 500w\" sizes=\"auto, (max-width: 250px) 100vw, 250px\" \/><\/td>\n<td width=\"151\"><img loading=\"lazy\" decoding=\"async\" data-attachment-id=\"78939\" data-permalink=\"https:\/\/spirit-of-football.de\/en\/the-ball\/common-goal-3\/\" data-orig-file=\"https:\/\/spirit-of-football.de\/wp-content\/uploads\/sites\/12\/2023\/04\/common-goal-1-scaled.png\" data-orig-size=\"2560,895\" data-comments-opened=\"1\" data-image-meta=\"{&quot;aperture&quot;:&quot;0&quot;,&quot;credit&quot;:&quot;&quot;,&quot;camera&quot;:&quot;&quot;,&quot;caption&quot;:&quot;&quot;,&quot;created_timestamp&quot;:&quot;0&quot;,&quot;copyright&quot;:&quot;&quot;,&quot;focal_length&quot;:&quot;0&quot;,&quot;iso&quot;:&quot;0&quot;,&quot;shutter_speed&quot;:&quot;0&quot;,&quot;title&quot;:&quot;&quot;,&quot;orientation&quot;:&quot;0&quot;}\" data-image-title=\"common goal\" data-image-description=\"\" data-image-caption=\"\" data-large-file=\"https:\/\/spirit-of-football.de\/wp-content\/uploads\/sites\/12\/2023\/04\/common-goal-1-1024x358.png\" class=\"alignnone wp-image-78939\" src=\"https:\/\/spirit-of-football.de\/wp-content\/uploads\/sites\/12\/2023\/04\/common-goal-1.png\" alt=\"\" width=\"250\" height=\"87\" \/><\/td>\n<td width=\"151\"><img loading=\"lazy\" decoding=\"async\" data-attachment-id=\"78941\" data-permalink=\"https:\/\/spirit-of-football.de\/en\/the-ball\/fifa-2\/\" data-orig-file=\"https:\/\/spirit-of-football.de\/wp-content\/uploads\/sites\/12\/2023\/04\/fifa-1.png\" data-orig-size=\"477,350\" data-comments-opened=\"1\" data-image-meta=\"{&quot;aperture&quot;:&quot;0&quot;,&quot;credit&quot;:&quot;&quot;,&quot;camera&quot;:&quot;&quot;,&quot;caption&quot;:&quot;&quot;,&quot;created_timestamp&quot;:&quot;0&quot;,&quot;copyright&quot;:&quot;&quot;,&quot;focal_length&quot;:&quot;0&quot;,&quot;iso&quot;:&quot;0&quot;,&quot;shutter_speed&quot;:&quot;0&quot;,&quot;title&quot;:&quot;&quot;,&quot;orientation&quot;:&quot;0&quot;}\" data-image-title=\"fifa\" data-image-description=\"\" data-image-caption=\"\" data-large-file=\"https:\/\/spirit-of-football.de\/wp-content\/uploads\/sites\/12\/2023\/04\/fifa-1.png\" class=\"alignnone wp-image-78941\" src=\"https:\/\/spirit-of-football.de\/wp-content\/uploads\/sites\/12\/2023\/04\/fifa-1.png\" alt=\"\" width=\"250\" height=\"183\" srcset=\"https:\/\/spirit-of-football.de\/wp-content\/uploads\/sites\/12\/2023\/04\/fifa-1.png 477w, https:\/\/spirit-of-football.de\/wp-content\/uploads\/sites\/12\/2023\/04\/fifa-1-16x12.png 16w, https:\/\/spirit-of-football.de\/wp-content\/uploads\/sites\/12\/2023\/04\/fifa-1-436x320.png 436w, https:\/\/spirit-of-football.de\/wp-content\/uploads\/sites\/12\/2023\/04\/fifa-1-240x176.png 240w, https:\/\/spirit-of-football.de\/wp-content\/uploads\/sites\/12\/2023\/04\/fifa-1-300x220.png 300w, https:\/\/spirit-of-football.de\/wp-content\/uploads\/sites\/12\/2023\/04\/fifa-1-409x300.png 409w\" sizes=\"auto, (max-width: 250px) 100vw, 250px\" \/><\/td>\n<td width=\"151\"><img loading=\"lazy\" decoding=\"async\" data-attachment-id=\"78942\" data-permalink=\"https:\/\/spirit-of-football.de\/en\/the-ball\/friedrich_ebert_stiftung\/\" data-orig-file=\"https:\/\/spirit-of-football.de\/wp-content\/uploads\/sites\/12\/2023\/04\/Friedrich_Ebert_Stiftung.png\" data-orig-size=\"500,288\" data-comments-opened=\"1\" data-image-meta=\"{&quot;aperture&quot;:&quot;0&quot;,&quot;credit&quot;:&quot;&quot;,&quot;camera&quot;:&quot;&quot;,&quot;caption&quot;:&quot;&quot;,&quot;created_timestamp&quot;:&quot;0&quot;,&quot;copyright&quot;:&quot;&quot;,&quot;focal_length&quot;:&quot;0&quot;,&quot;iso&quot;:&quot;0&quot;,&quot;shutter_speed&quot;:&quot;0&quot;,&quot;title&quot;:&quot;&quot;,&quot;orientation&quot;:&quot;0&quot;}\" data-image-title=\"Friedrich_Ebert_Stiftung\" data-image-description=\"\" data-image-caption=\"\" data-large-file=\"https:\/\/spirit-of-football.de\/wp-content\/uploads\/sites\/12\/2023\/04\/Friedrich_Ebert_Stiftung.png\" class=\"alignnone wp-image-78942\" src=\"https:\/\/spirit-of-football.de\/wp-content\/uploads\/sites\/12\/2023\/04\/Friedrich_Ebert_Stiftung.png\" alt=\"\" width=\"250\" height=\"144\" srcset=\"https:\/\/spirit-of-football.de\/wp-content\/uploads\/sites\/12\/2023\/04\/Friedrich_Ebert_Stiftung.png 500w, https:\/\/spirit-of-football.de\/wp-content\/uploads\/sites\/12\/2023\/04\/Friedrich_Ebert_Stiftung-18x10.png 18w, https:\/\/spirit-of-football.de\/wp-content\/uploads\/sites\/12\/2023\/04\/Friedrich_Ebert_Stiftung-240x138.png 240w, https:\/\/spirit-of-football.de\/wp-content\/uploads\/sites\/12\/2023\/04\/Friedrich_Ebert_Stiftung-300x173.png 300w\" sizes=\"auto, (max-width: 250px) 100vw, 250px\" \/>&nbsp;<\/td>\n<\/tr>\n<\/tbody>\n<\/table>\n<p>&nbsp;<\/p>\n<p>Ein gro\u00dfes <strong>DANKESCH\u00d6N<\/strong> an unsere Partner, die \u2018The Ball\u2019 im Jahr 2018 unterst\u00fctzt haben!<\/p>\n<p><img loading=\"lazy\" decoding=\"async\" data-attachment-id=\"10188\" data-permalink=\"https:\/\/spirit-of-football.de\/en\/the-ball\/alle-partner-the-ball-2018\/\" data-orig-file=\"https:\/\/spirit-of-football.de\/wp-content\/uploads\/sites\/12\/2018\/12\/Alle-Partner-The-Ball-2018.jpg\" data-orig-size=\"1733,726\" data-comments-opened=\"1\" data-image-meta=\"{&quot;aperture&quot;:&quot;0&quot;,&quot;credit&quot;:&quot;Sven Soederberg&quot;,&quot;camera&quot;:&quot;&quot;,&quot;caption&quot;:&quot;&quot;,&quot;created_timestamp&quot;:&quot;1544716329&quot;,&quot;copyright&quot;:&quot;&quot;,&quot;focal_length&quot;:&quot;0&quot;,&quot;iso&quot;:&quot;0&quot;,&quot;shutter_speed&quot;:&quot;0&quot;,&quot;title&quot;:&quot;&quot;,&quot;orientation&quot;:&quot;0&quot;}\" data-image-title=\"Alle Partner The Ball 2018\" data-image-description=\"\" data-image-caption=\"\" data-large-file=\"https:\/\/spirit-of-football.de\/wp-content\/uploads\/sites\/12\/2018\/12\/Alle-Partner-The-Ball-2018-1024x429.jpg\" class=\"alignnone wp-image-10188 size-full\" src=\"https:\/\/spirit-of-football.de\/wp-content\/uploads\/sites\/12\/2018\/12\/Alle-Partner-The-Ball-2018.jpg\" alt=\"\" width=\"1733\" height=\"726\" srcset=\"https:\/\/spirit-of-football.de\/wp-content\/uploads\/sites\/12\/2018\/12\/Alle-Partner-The-Ball-2018.jpg 1733w, https:\/\/spirit-of-football.de\/wp-content\/uploads\/sites\/12\/2018\/12\/Alle-Partner-The-Ball-2018-1536x643.jpg 1536w, https:\/\/spirit-of-football.de\/wp-content\/uploads\/sites\/12\/2018\/12\/Alle-Partner-The-Ball-2018-18x8.jpg 18w, https:\/\/spirit-of-football.de\/wp-content\/uploads\/sites\/12\/2018\/12\/Alle-Partner-The-Ball-2018-1280x536.jpg 1280w, https:\/\/spirit-of-football.de\/wp-content\/uploads\/sites\/12\/2018\/12\/Alle-Partner-The-Ball-2018-553x232.jpg 553w, https:\/\/spirit-of-football.de\/wp-content\/uploads\/sites\/12\/2018\/12\/Alle-Partner-The-Ball-2018-640x268.jpg 640w, https:\/\/spirit-of-football.de\/wp-content\/uploads\/sites\/12\/2018\/12\/Alle-Partner-The-Ball-2018-618x259.jpg 618w, https:\/\/spirit-of-football.de\/wp-content\/uploads\/sites\/12\/2018\/12\/Alle-Partner-The-Ball-2018-240x101.jpg 240w, https:\/\/spirit-of-football.de\/wp-content\/uploads\/sites\/12\/2018\/12\/Alle-Partner-The-Ball-2018-980x411.jpg 980w, https:\/\/spirit-of-football.de\/wp-content\/uploads\/sites\/12\/2018\/12\/Alle-Partner-The-Ball-2018-300x126.jpg 300w, https:\/\/spirit-of-football.de\/wp-content\/uploads\/sites\/12\/2018\/12\/Alle-Partner-The-Ball-2018-768x322.jpg 768w, https:\/\/spirit-of-football.de\/wp-content\/uploads\/sites\/12\/2018\/12\/Alle-Partner-The-Ball-2018-1024x429.jpg 1024w, https:\/\/spirit-of-football.de\/wp-content\/uploads\/sites\/12\/2018\/12\/Alle-Partner-The-Ball-2018-500x209.jpg 500w\" sizes=\"auto, (max-width: 1733px) 100vw, 1733px\" \/><\/p>","protected":false},"excerpt":{"rendered":"<p>&#8218;The Ball&#8216; ist ein Symbol f\u00fcr Weltoffenheit, FairPlay, Respekt und zelebriert die M\u00f6glichkeit durch den globalen Sport Menschen weltweit einander n\u00e4her zu bringen. Alle vier Jahre startet dieser vom Battersea Park in London, wo 1864 das allererste Fu\u00dfballspiel nach modernen&#8230; <a class=\"read-more\" href=\"https:\/\/spirit-of-football.de\/en\/the-ball\/\">[Read more]<\/a><\/p>\n","protected":false},"author":8,"featured_media":10184,"parent":0,"menu_order":0,"comment_status":"closed","ping_status":"closed","template":"","meta":{"_acf_changed":false,"footnotes":""},"class_list":["post-10159","page","type-page","status-publish","has-post-thumbnail","hentry"],"acf":[],"jetpack_sharing_enabled":true,"_links":{"self":[{"href":"https:\/\/spirit-of-football.de\/en\/wp-json\/wp\/v2\/pages\/10159","targetHints":{"allow":["GET"]}}],"collection":[{"href":"https:\/\/spirit-of-football.de\/en\/wp-json\/wp\/v2\/pages"}],"about":[{"href":"https:\/\/spirit-of-football.de\/en\/wp-json\/wp\/v2\/types\/page"}],"author":[{"embeddable":true,"href":"https:\/\/spirit-of-football.de\/en\/wp-json\/wp\/v2\/users\/8"}],"replies":[{"embeddable":true,"href":"https:\/\/spirit-of-football.de\/en\/wp-json\/wp\/v2\/comments?post=10159"}],"version-history":[{"count":15,"href":"https:\/\/spirit-of-football.de\/en\/wp-json\/wp\/v2\/pages\/10159\/revisions"}],"predecessor-version":[{"id":78947,"href":"https:\/\/spirit-of-football.de\/en\/wp-json\/wp\/v2\/pages\/10159\/revisions\/78947"}],"wp:featuredmedia":[{"embeddable":true,"href":"https:\/\/spirit-of-football.de\/en\/wp-json\/wp\/v2\/media\/10184"}],"wp:attachment":[{"href":"https:\/\/spirit-of-football.de\/en\/wp-json\/wp\/v2\/media?parent=10159"}],"curies":[{"name":"wp","href":"https:\/\/api.w.org\/{rel}","templated":true}]}}